{"id":37,"date":"2020-05-25T17:15:08","date_gmt":"2020-05-25T15:15:08","guid":{"rendered":"http:\/\/www.vendingbackup.com\/es\/?page_id=37"},"modified":"2020-05-31T12:00:43","modified_gmt":"2020-05-31T10:00:43","slug":"contactar","status":"publish","type":"page","link":"https:\/\/www.vendingbackup.com\/es\/contactar\/","title":{"rendered":"Contactar"},"content":{"rendered":"\t\t<div class=\"wppsac-wrap wppsac-slick-carousel-wrp wppsac-clearfix \" data-conf=\"{&quot;slides_to_show&quot;:3,&quot;slides_to_scroll&quot;:1,&quot;dots&quot;:&quot;true&quot;,&quot;arrows&quot;:&quot;true&quot;,&quot;autoplay&quot;:&quot;true&quot;,&quot;autoplay_interval&quot;:3000,&quot;speed&quot;:500,&quot;rtl&quot;:&quot;false&quot;,&quot;lazyload&quot;:&quot;&quot;}\">\r\n\t\t\t<div id=\"wppsac-post-carousel-1\" class=\"wppsac-post-slider-init wppsac-post-carousel design-1\">\r\n\t\t\t\t<div class=\"wppsac-carousel-slides\">\r\n\t\r\n\t<div class=\"wppsac-post-content-position\">\r\n\t\t\t\t<div class=\"wppsac-post-categories\"><ul class=\"wppsac-post-categories-list\"><li><a href=\"https:\/\/www.vendingbackup.com\/es\/category\/general\/\">General<\/a><\/li><\/ul><\/div>\r\n\t\t\r\n\t\t<h2 class=\"wppsac-post-title\">\r\n\t\t\t<a href=\"https:\/\/www.vendingbackup.com\/es\/2020\/06\/18\/la-importancia-de-las-copias-de-seguridad\/\">La importancia de las <strong>Copias de Seguridad<\/strong><\/a>\r\n\t\t<\/h2>\r\n\r\n\t\t\t\t<div class=\"wppsac-post-date\">\r\n\t\t\t\t\t\t<span>By adminuser<\/span>\r\n\t\t\t \/ 18 de junio de 2020\t\t<\/div>\r\n\t\t\t\t<div class=\"wppsac-post-content\">\r\n\t\t\t<div class=\"wppsac-sub-content\">La importancia de las copias de seguridad Todos sabemos que nada es inmutable, la informaci\u00f3n tampoco. \u00bfQu\u00e9 pasar\u00eda si perdi\u00e9ramos...<\/div>\r\n\r\n\t\t\t\t\t\t<a class=\"wppsac-readmorebtn\" href=\"https:\/\/www.vendingbackup.com\/es\/2020\/06\/18\/la-importancia-de-las-copias-de-seguridad\/\">Read More<\/a>\r\n\t\t\t\t\t<\/div>\r\n\t\t\t<\/div>\r\n<\/div><div class=\"wppsac-carousel-slides\">\r\n\t\r\n\t<div class=\"wppsac-post-content-position\">\r\n\t\t\t\t<div class=\"wppsac-post-categories\"><ul class=\"wppsac-post-categories-list\"><li><a href=\"https:\/\/www.vendingbackup.com\/es\/category\/general\/\">General<\/a><\/li><\/ul><\/div>\r\n\t\t\r\n\t\t<h2 class=\"wppsac-post-title\">\r\n\t\t\t<a href=\"https:\/\/www.vendingbackup.com\/es\/2020\/05\/25\/como-disenar-una-pagina-web\/\">Como dise\u00f1ar una p\u00e1gina <strong>Web<\/strong><\/a>\r\n\t\t<\/h2>\r\n\r\n\t\t\t\t<div class=\"wppsac-post-date\">\r\n\t\t\t\t\t\t<span>By adminuser<\/span>\r\n\t\t\t \/ 25 de mayo de 2020\t\t<\/div>\r\n\t\t\t\t<div class=\"wppsac-post-content\">\r\n\t\t\t<div class=\"wppsac-sub-content\">COMO DISE\u00d1AR UNA P\u00c1GINA WEB El hecho de la creaci\u00f3n de una p\u00e1gina web, no debe ser fruto de la...<\/div>\r\n\r\n\t\t\t\t\t\t<a class=\"wppsac-readmorebtn\" href=\"https:\/\/www.vendingbackup.com\/es\/2020\/05\/25\/como-disenar-una-pagina-web\/\">Read More<\/a>\r\n\t\t\t\t\t<\/div>\r\n\t\t\t<\/div>\r\n<\/div><div class=\"wppsac-carousel-slides\">\r\n\t\r\n\t<div class=\"wppsac-post-content-position\">\r\n\t\t\t\t<div class=\"wppsac-post-categories\"><ul class=\"wppsac-post-categories-list\"><li><a href=\"https:\/\/www.vendingbackup.com\/es\/category\/general\/\">General<\/a><\/li><\/ul><\/div>\r\n\t\t\r\n\t\t<h2 class=\"wppsac-post-title\">\r\n\t\t\t<a href=\"https:\/\/www.vendingbackup.com\/es\/2020\/05\/25\/migrar-de-visual-basic-6-a-net\/\">Migrar de <strong>Visual Basic 6<\/strong> a <strong>.NET<\/strong><\/a>\r\n\t\t<\/h2>\r\n\r\n\t\t\t\t<div class=\"wppsac-post-date\">\r\n\t\t\t\t\t\t<span>By adminuser<\/span>\r\n\t\t\t \/ 25 de mayo de 2020\t\t<\/div>\r\n\t\t\t\t<div class=\"wppsac-post-content\">\r\n\t\t\t<div class=\"wppsac-sub-content\">MIGRAR DE VISUAL BASIC 6 A .NET Debido a lo extendidas que est\u00e1n todab\u00eda las aplicaciones dise\u00f1adas en Visual Basic...<\/div>\r\n\r\n\t\t\t\t\t\t<a class=\"wppsac-readmorebtn\" href=\"https:\/\/www.vendingbackup.com\/es\/2020\/05\/25\/migrar-de-visual-basic-6-a-net\/\">Read More<\/a>\r\n\t\t\t\t\t<\/div>\r\n\t\t\t<\/div>\r\n<\/div>\t\t\t<\/div>\r\n\t\t<\/div>\r\n\t\n<div style=\"width: 100%; height: 1rem;\"><\/div>\n<div style=\"width: 70%;\">\n<div class=\"description-title\">\n<h2><strong>CONTACTAR<\/strong><\/h2>\n<\/div>\n<div style=\"width: 100%; height: 2rem;\"><\/div>\n<div class=\"page-main-object2\">\n<div class=\"page-main-object2-left\">\n<h3 style=\"margin: 0rem 0rem 0rem 1rem !important; line-height: 1.8;\">No dude en contactar con nosotros si tiene cualquier consulta o duda, le ayudaremos en sus necesidades empresariales en <strong>Tecnolog\u00edas de la Informaci\u00f3n<\/strong>. Si bien estamos situados en el Valles Oriental, nuestro \u00e1mbito de actuaci\u00f3n se realiza presencialmente en toda Catalu\u00f1a y telem\u00e1ticamente en el resto de puntos de actuaci\u00f3n.<\/h3>\n<div style=\"width: 50%; float: left;\">\n<h3>\n<ul style=\"list-style-type: none;\">\n<li class=\"contact-form-list-title\">Horario<\/li>\n<li class=\"contact-form-list-line\">Lunes a Viernes de 08:00 &#8211; 22:00<\/li>\n<li class=\"contact-form-list-line\">Sabados de 08:00 &#8211; 14:00<\/li>\n<\/ul>\n<ul style=\"list-style-type: none;\">\n<li class=\"contact-form-list-title\">Direcci\u00f3n<\/li>\n<li class=\"contact-form-list-line\">Calle Menorca, 6<\/li>\n<li class=\"contact-form-list-line\">CP 08470, Sant Celoni<\/li>\n<li class=\"contact-form-list-line\">BARCELONA <\/li>\n<\/ul>\n<ul style=\"list-style-type: none;\">\n<li class=\"contact-form-list-title\">Tel<\/li>\n<li class=\"contact-form-list-line\">93 749 34 84<\/li>\n<li class=\"contact-form-list-line\">Urgencias 606 856 759<\/li>\n<\/ul>\n<ul style=\"list-style-type: none;\">\n<li class=\"contact-form-list-title\">E-mail<\/li>\n<li class=\"contact-form-list-line\">info@vendingbackup.com<\/li>\n<\/ul>\n<\/div>\n<div style=\"width: 50%; float: left;\">\n<div style=\"width: 100%; height: 10rem;\"><\/div>\n<p><img decoding=\"async\" style=\"width: 50%; margin: auto auto auto auto;\" src=\"http:\/\/www.vendingbackup.com\/es\/wp-content\/uploads\/sites\/2\/2020\/05\/contactar-ok.jpg\" alt=\"contactar ok\" \/><br \/>\n<\/h3>\n<\/div>\n<\/div>\n<div class=\"page-main-object2-right\">\n<div style=\"width: 100%; height: 4rem;\"><\/div>\n\n<div class=\"wpcf7 no-js\" id=\"wpcf7-f1198-o1\" lang=\"es-ES\" dir=\"ltr\" data-wpcf7-id=\"1198\">\n<div class=\"screen-reader-response\"><p role=\"status\" aria-live=\"polite\" aria-atomic=\"true\"><\/p> <ul><\/ul><\/div>\n<form action=\"\/es\/wp-json\/wp\/v2\/pages\/37#wpcf7-f1198-o1\" method=\"post\" class=\"wpcf7-form init\" aria-label=\"Formulario de contacto\" novalidate=\"novalidate\" data-status=\"init\">\n<div style=\"display: none;\">\n<input type=\"hidden\" name=\"_wpcf7\" value=\"1198\" \/>\n<input type=\"hidden\" name=\"_wpcf7_version\" value=\"6.0\" \/>\n<input type=\"hidden\" name=\"_wpcf7_locale\" value=\"es_ES\" \/>\n<input type=\"hidden\" name=\"_wpcf7_unit_tag\" value=\"wpcf7-f1198-o1\" \/>\n<input type=\"hidden\" name=\"_wpcf7_container_post\" value=\"0\" \/>\n<input type=\"hidden\" name=\"_wpcf7_posted_data_hash\" value=\"\" \/>\n<\/div>\n<p><label> Nombre (obligatorio)<br \/>\n<span class=\"wpcf7-form-control-wrap\" data-name=\"your-name\"><input size=\"40\" maxlength=\"400\" class=\"wpcf7-form-control wpcf7-text wpcf7-validates-as-required\" aria-required=\"true\" aria-invalid=\"false\" value=\"\" type=\"text\" name=\"your-name\" \/><\/span> <\/label>\n<\/p>\n<p><label> Correo electr\u00f3nico (obligatorio)<br \/>\n<span class=\"wpcf7-form-control-wrap\" data-name=\"your-email\"><input size=\"40\" maxlength=\"400\" class=\"wpcf7-form-control wpcf7-email wpcf7-validates-as-required wpcf7-text wpcf7-validates-as-email\" aria-required=\"true\" aria-invalid=\"false\" value=\"\" type=\"email\" name=\"your-email\" \/><\/span> <\/label>\n<\/p>\n<p><label> Asunto<br \/>\n<span class=\"wpcf7-form-control-wrap\" data-name=\"your-subject\"><input size=\"40\" maxlength=\"400\" class=\"wpcf7-form-control wpcf7-text\" aria-invalid=\"false\" value=\"\" type=\"text\" name=\"your-subject\" \/><\/span> <\/label>\n<\/p>\n<p><label> Mensaje<br \/>\n<span class=\"wpcf7-form-control-wrap\" data-name=\"your-message\"><textarea cols=\"40\" rows=\"10\" maxlength=\"2000\" class=\"wpcf7-form-control wpcf7-textarea\" aria-invalid=\"false\" name=\"your-message\"><\/textarea><\/span> <\/label>\n<\/p>\n<p><input class=\"wpcf7-form-control wpcf7-submit has-spinner\" type=\"submit\" value=\"Enviar\" \/>\n<\/p><div class=\"wpcf7-response-output\" aria-hidden=\"true\"><\/div>\n<\/form>\n<\/div>\n<\/div>\n<\/div>\n<div>\n<hr style=\"width: 100%; color: #ffffff; border-top: 4rem solid #99c21c; margin: 0px;\" \/><\/div>\n<\/div>\n<div style=\"width: 100%; height: 2rem;\"><\/div>\n","protected":false},"excerpt":{"rendered":"<p>CONTACTAR No dude en contactar con nosotros si tiene cualquier consulta o duda, le ayudaremos en sus necesidades empresariales en Tecnolog\u00edas de la Informaci\u00f3n. Si bien estamos situados en el Valles Oriental, nuestro \u00e1mbito de actuaci\u00f3n se realiza presencialmente en toda Catalu\u00f1a y telem\u00e1ticamente en el resto de puntos de actuaci\u00f3n. Horario Lunes a Viernes [&hellip;]<\/p>\n","protected":false},"author":1,"featured_media":0,"parent":0,"menu_order":0,"comment_status":"closed","ping_status":"closed","template":"","meta":{"footnotes":""},"class_list":["post-37","page","type-page","status-publish","hentry"],"yoast_head":"<!-- This site is optimized with the Yoast SEO plugin v23.9 - https:\/\/yoast.com\/wordpress\/plugins\/seo\/ -->\n<title>Contactar - VendingBackup Technologies<\/title>\n<meta name=\"robots\" content=\"index, follow, max-snippet:-1, max-image-preview:large, max-video-preview:-1\" \/>\n<link rel=\"canonical\" href=\"https:\/\/www.vendingbackup.com\/es\/contactar\/\" \/>\n<meta property=\"og:locale\" content=\"es_ES\" \/>\n<meta property=\"og:type\" content=\"article\" \/>\n<meta property=\"og:title\" content=\"Contactar - VendingBackup Technologies\" \/>\n<meta property=\"og:description\" content=\"CONTACTAR No dude en contactar con nosotros si tiene cualquier consulta o duda, le ayudaremos en sus necesidades empresariales en Tecnolog\u00edas de la Informaci\u00f3n. Si bien estamos situados en el Valles Oriental, nuestro \u00e1mbito de actuaci\u00f3n se realiza presencialmente en toda Catalu\u00f1a y telem\u00e1ticamente en el resto de puntos de actuaci\u00f3n. Horario Lunes a Viernes [&hellip;]\" \/>\n<meta property=\"og:url\" content=\"https:\/\/www.vendingbackup.com\/es\/contactar\/\" \/>\n<meta property=\"og:site_name\" content=\"VendingBackup Technologies\" \/>\n<meta property=\"article:modified_time\" content=\"2020-05-31T10:00:43+00:00\" \/>\n<meta property=\"og:image\" content=\"http:\/\/www.vendingbackup.com\/es\/wp-content\/uploads\/sites\/2\/2020\/05\/contactar-ok.jpg\" \/>\n<meta name=\"twitter:card\" content=\"summary_large_image\" \/>\n<script type=\"application\/ld+json\" class=\"yoast-schema-graph\">{\"@context\":\"https:\/\/schema.org\",\"@graph\":[{\"@type\":\"WebPage\",\"@id\":\"https:\/\/www.vendingbackup.com\/es\/contactar\/\",\"url\":\"https:\/\/www.vendingbackup.com\/es\/contactar\/\",\"name\":\"Contactar - VendingBackup Technologies\",\"isPartOf\":{\"@id\":\"https:\/\/www.vendingbackup.com\/es\/#website\"},\"primaryImageOfPage\":{\"@id\":\"https:\/\/www.vendingbackup.com\/es\/contactar\/#primaryimage\"},\"image\":{\"@id\":\"https:\/\/www.vendingbackup.com\/es\/contactar\/#primaryimage\"},\"thumbnailUrl\":\"http:\/\/www.vendingbackup.com\/es\/wp-content\/uploads\/sites\/2\/2020\/05\/contactar-ok.jpg\",\"datePublished\":\"2020-05-25T15:15:08+00:00\",\"dateModified\":\"2020-05-31T10:00:43+00:00\",\"breadcrumb\":{\"@id\":\"https:\/\/www.vendingbackup.com\/es\/contactar\/#breadcrumb\"},\"inLanguage\":\"es\",\"potentialAction\":[{\"@type\":\"ReadAction\",\"target\":[\"https:\/\/www.vendingbackup.com\/es\/contactar\/\"]}]},{\"@type\":\"ImageObject\",\"inLanguage\":\"es\",\"@id\":\"https:\/\/www.vendingbackup.com\/es\/contactar\/#primaryimage\",\"url\":\"https:\/\/www.vendingbackup.com\/es\/wp-content\/uploads\/sites\/2\/2020\/05\/contactar-ok.jpg\",\"contentUrl\":\"https:\/\/www.vendingbackup.com\/es\/wp-content\/uploads\/sites\/2\/2020\/05\/contactar-ok.jpg\",\"width\":263,\"height\":300},{\"@type\":\"BreadcrumbList\",\"@id\":\"https:\/\/www.vendingbackup.com\/es\/contactar\/#breadcrumb\",\"itemListElement\":[{\"@type\":\"ListItem\",\"position\":1,\"name\":\"Home\",\"item\":\"https:\/\/www.vendingbackup.com\/es\/\"},{\"@type\":\"ListItem\",\"position\":2,\"name\":\"Contactar\"}]},{\"@type\":\"WebSite\",\"@id\":\"https:\/\/www.vendingbackup.com\/es\/#website\",\"url\":\"https:\/\/www.vendingbackup.com\/es\/\",\"name\":\"VendingBackup Technologies\",\"description\":\"Servicio inform\u00e1tico a empresas\",\"publisher\":{\"@id\":\"https:\/\/www.vendingbackup.com\/es\/#organization\"},\"potentialAction\":[{\"@type\":\"SearchAction\",\"target\":{\"@type\":\"EntryPoint\",\"urlTemplate\":\"https:\/\/www.vendingbackup.com\/es\/?s={search_term_string}\"},\"query-input\":{\"@type\":\"PropertyValueSpecification\",\"valueRequired\":true,\"valueName\":\"search_term_string\"}}],\"inLanguage\":\"es\"},{\"@type\":\"Organization\",\"@id\":\"https:\/\/www.vendingbackup.com\/es\/#organization\",\"name\":\"VendingBackup Technologies\",\"url\":\"https:\/\/www.vendingbackup.com\/es\/\",\"logo\":{\"@type\":\"ImageObject\",\"inLanguage\":\"es\",\"@id\":\"https:\/\/www.vendingbackup.com\/es\/#\/schema\/logo\/image\/\",\"url\":\"https:\/\/www.vendingbackup.com\/es\/wp-content\/uploads\/sites\/2\/2020\/05\/vendingbackup-logo.jpg\",\"contentUrl\":\"https:\/\/www.vendingbackup.com\/es\/wp-content\/uploads\/sites\/2\/2020\/05\/vendingbackup-logo.jpg\",\"width\":201,\"height\":36,\"caption\":\"VendingBackup Technologies\"},\"image\":{\"@id\":\"https:\/\/www.vendingbackup.com\/es\/#\/schema\/logo\/image\/\"}}]}<\/script>\n<!-- \/ Yoast SEO plugin. -->","yoast_head_json":{"title":"Contactar - VendingBackup Technologies","robots":{"index":"index","follow":"follow","max-snippet":"max-snippet:-1","max-image-preview":"max-image-preview:large","max-video-preview":"max-video-preview:-1"},"canonical":"https:\/\/www.vendingbackup.com\/es\/contactar\/","og_locale":"es_ES","og_type":"article","og_title":"Contactar - VendingBackup Technologies","og_description":"CONTACTAR No dude en contactar con nosotros si tiene cualquier consulta o duda, le ayudaremos en sus necesidades empresariales en Tecnolog\u00edas de la Informaci\u00f3n. Si bien estamos situados en el Valles Oriental, nuestro \u00e1mbito de actuaci\u00f3n se realiza presencialmente en toda Catalu\u00f1a y telem\u00e1ticamente en el resto de puntos de actuaci\u00f3n. Horario Lunes a Viernes [&hellip;]","og_url":"https:\/\/www.vendingbackup.com\/es\/contactar\/","og_site_name":"VendingBackup Technologies","article_modified_time":"2020-05-31T10:00:43+00:00","og_image":[{"url":"http:\/\/www.vendingbackup.com\/es\/wp-content\/uploads\/sites\/2\/2020\/05\/contactar-ok.jpg"}],"twitter_card":"summary_large_image","schema":{"@context":"https:\/\/schema.org","@graph":[{"@type":"WebPage","@id":"https:\/\/www.vendingbackup.com\/es\/contactar\/","url":"https:\/\/www.vendingbackup.com\/es\/contactar\/","name":"Contactar - VendingBackup Technologies","isPartOf":{"@id":"https:\/\/www.vendingbackup.com\/es\/#website"},"primaryImageOfPage":{"@id":"https:\/\/www.vendingbackup.com\/es\/contactar\/#primaryimage"},"image":{"@id":"https:\/\/www.vendingbackup.com\/es\/contactar\/#primaryimage"},"thumbnailUrl":"http:\/\/www.vendingbackup.com\/es\/wp-content\/uploads\/sites\/2\/2020\/05\/contactar-ok.jpg","datePublished":"2020-05-25T15:15:08+00:00","dateModified":"2020-05-31T10:00:43+00:00","breadcrumb":{"@id":"https:\/\/www.vendingbackup.com\/es\/contactar\/#breadcrumb"},"inLanguage":"es","potentialAction":[{"@type":"ReadAction","target":["https:\/\/www.vendingbackup.com\/es\/contactar\/"]}]},{"@type":"ImageObject","inLanguage":"es","@id":"https:\/\/www.vendingbackup.com\/es\/contactar\/#primaryimage","url":"https:\/\/www.vendingbackup.com\/es\/wp-content\/uploads\/sites\/2\/2020\/05\/contactar-ok.jpg","contentUrl":"https:\/\/www.vendingbackup.com\/es\/wp-content\/uploads\/sites\/2\/2020\/05\/contactar-ok.jpg","width":263,"height":300},{"@type":"BreadcrumbList","@id":"https:\/\/www.vendingbackup.com\/es\/contactar\/#breadcrumb","itemListElement":[{"@type":"ListItem","position":1,"name":"Home","item":"https:\/\/www.vendingbackup.com\/es\/"},{"@type":"ListItem","position":2,"name":"Contactar"}]},{"@type":"WebSite","@id":"https:\/\/www.vendingbackup.com\/es\/#website","url":"https:\/\/www.vendingbackup.com\/es\/","name":"VendingBackup Technologies","description":"Servicio inform\u00e1tico a empresas","publisher":{"@id":"https:\/\/www.vendingbackup.com\/es\/#organization"},"potentialAction":[{"@type":"SearchAction","target":{"@type":"EntryPoint","urlTemplate":"https:\/\/www.vendingbackup.com\/es\/?s={search_term_string}"},"query-input":{"@type":"PropertyValueSpecification","valueRequired":true,"valueName":"search_term_string"}}],"inLanguage":"es"},{"@type":"Organization","@id":"https:\/\/www.vendingbackup.com\/es\/#organization","name":"VendingBackup Technologies","url":"https:\/\/www.vendingbackup.com\/es\/","logo":{"@type":"ImageObject","inLanguage":"es","@id":"https:\/\/www.vendingbackup.com\/es\/#\/schema\/logo\/image\/","url":"https:\/\/www.vendingbackup.com\/es\/wp-content\/uploads\/sites\/2\/2020\/05\/vendingbackup-logo.jpg","contentUrl":"https:\/\/www.vendingbackup.com\/es\/wp-content\/uploads\/sites\/2\/2020\/05\/vendingbackup-logo.jpg","width":201,"height":36,"caption":"VendingBackup Technologies"},"image":{"@id":"https:\/\/www.vendingbackup.com\/es\/#\/schema\/logo\/image\/"}}]}},"_links":{"self":[{"href":"https:\/\/www.vendingbackup.com\/es\/wp-json\/wp\/v2\/pages\/37","targetHints":{"allow":["GET"]}}],"collection":[{"href":"https:\/\/www.vendingbackup.com\/es\/wp-json\/wp\/v2\/pages"}],"about":[{"href":"https:\/\/www.vendingbackup.com\/es\/wp-json\/wp\/v2\/types\/page"}],"author":[{"embeddable":true,"href":"https:\/\/www.vendingbackup.com\/es\/wp-json\/wp\/v2\/users\/1"}],"replies":[{"embeddable":true,"href":"https:\/\/www.vendingbackup.com\/es\/wp-json\/wp\/v2\/comments?post=37"}],"version-history":[{"count":37,"href":"https:\/\/www.vendingbackup.com\/es\/wp-json\/wp\/v2\/pages\/37\/revisions"}],"predecessor-version":[{"id":1261,"href":"https:\/\/www.vendingbackup.com\/es\/wp-json\/wp\/v2\/pages\/37\/revisions\/1261"}],"wp:attachment":[{"href":"https:\/\/www.vendingbackup.com\/es\/wp-json\/wp\/v2\/media?parent=37"}],"curies":[{"name":"wp","href":"https:\/\/api.w.org\/{rel}","templated":true}]}}