{"id":39,"date":"2020-05-25T17:15:59","date_gmt":"2020-05-25T15:15:59","guid":{"rendered":"http:\/\/www.vendingbackup.com\/es\/?page_id=39"},"modified":"2020-05-31T09:34:12","modified_gmt":"2020-05-31T07:34:12","slug":"erp","status":"publish","type":"page","link":"https:\/\/www.vendingbackup.com\/es\/erp\/","title":{"rendered":"ERP"},"content":{"rendered":"\t\t<div class=\"wppsac-wrap wppsac-slick-carousel-wrp wppsac-clearfix \" data-conf=\"{&quot;slides_to_show&quot;:3,&quot;slides_to_scroll&quot;:1,&quot;dots&quot;:&quot;true&quot;,&quot;arrows&quot;:&quot;true&quot;,&quot;autoplay&quot;:&quot;true&quot;,&quot;autoplay_interval&quot;:3000,&quot;speed&quot;:500,&quot;rtl&quot;:&quot;false&quot;,&quot;lazyload&quot;:&quot;&quot;}\">\r\n\t\t\t<div id=\"wppsac-post-carousel-1\" class=\"wppsac-post-slider-init wppsac-post-carousel design-1\">\r\n\t\t\t\t<div class=\"wppsac-carousel-slides\">\r\n\t\r\n\t<div class=\"wppsac-post-content-position\">\r\n\t\t\t\t<div class=\"wppsac-post-categories\"><ul class=\"wppsac-post-categories-list\"><li><a href=\"https:\/\/www.vendingbackup.com\/es\/category\/general\/\">General<\/a><\/li><\/ul><\/div>\r\n\t\t\r\n\t\t<h2 class=\"wppsac-post-title\">\r\n\t\t\t<a href=\"https:\/\/www.vendingbackup.com\/es\/2020\/06\/18\/la-importancia-de-las-copias-de-seguridad\/\">La importancia de las <strong>Copias de Seguridad<\/strong><\/a>\r\n\t\t<\/h2>\r\n\r\n\t\t\t\t<div class=\"wppsac-post-date\">\r\n\t\t\t\t\t\t<span>By adminuser<\/span>\r\n\t\t\t \/ 18 de junio de 2020\t\t<\/div>\r\n\t\t\t\t<div class=\"wppsac-post-content\">\r\n\t\t\t<div class=\"wppsac-sub-content\">La importancia de las copias de seguridad Todos sabemos que nada es inmutable, la informaci\u00f3n tampoco. \u00bfQu\u00e9 pasar\u00eda si perdi\u00e9ramos...<\/div>\r\n\r\n\t\t\t\t\t\t<a class=\"wppsac-readmorebtn\" href=\"https:\/\/www.vendingbackup.com\/es\/2020\/06\/18\/la-importancia-de-las-copias-de-seguridad\/\">Read More<\/a>\r\n\t\t\t\t\t<\/div>\r\n\t\t\t<\/div>\r\n<\/div><div class=\"wppsac-carousel-slides\">\r\n\t\r\n\t<div class=\"wppsac-post-content-position\">\r\n\t\t\t\t<div class=\"wppsac-post-categories\"><ul class=\"wppsac-post-categories-list\"><li><a href=\"https:\/\/www.vendingbackup.com\/es\/category\/general\/\">General<\/a><\/li><\/ul><\/div>\r\n\t\t\r\n\t\t<h2 class=\"wppsac-post-title\">\r\n\t\t\t<a href=\"https:\/\/www.vendingbackup.com\/es\/2020\/05\/25\/como-disenar-una-pagina-web\/\">Como dise\u00f1ar una p\u00e1gina <strong>Web<\/strong><\/a>\r\n\t\t<\/h2>\r\n\r\n\t\t\t\t<div class=\"wppsac-post-date\">\r\n\t\t\t\t\t\t<span>By adminuser<\/span>\r\n\t\t\t \/ 25 de mayo de 2020\t\t<\/div>\r\n\t\t\t\t<div class=\"wppsac-post-content\">\r\n\t\t\t<div class=\"wppsac-sub-content\">COMO DISE\u00d1AR UNA P\u00c1GINA WEB El hecho de la creaci\u00f3n de una p\u00e1gina web, no debe ser fruto de la...<\/div>\r\n\r\n\t\t\t\t\t\t<a class=\"wppsac-readmorebtn\" href=\"https:\/\/www.vendingbackup.com\/es\/2020\/05\/25\/como-disenar-una-pagina-web\/\">Read More<\/a>\r\n\t\t\t\t\t<\/div>\r\n\t\t\t<\/div>\r\n<\/div><div class=\"wppsac-carousel-slides\">\r\n\t\r\n\t<div class=\"wppsac-post-content-position\">\r\n\t\t\t\t<div class=\"wppsac-post-categories\"><ul class=\"wppsac-post-categories-list\"><li><a href=\"https:\/\/www.vendingbackup.com\/es\/category\/general\/\">General<\/a><\/li><\/ul><\/div>\r\n\t\t\r\n\t\t<h2 class=\"wppsac-post-title\">\r\n\t\t\t<a href=\"https:\/\/www.vendingbackup.com\/es\/2020\/05\/25\/migrar-de-visual-basic-6-a-net\/\">Migrar de <strong>Visual Basic 6<\/strong> a <strong>.NET<\/strong><\/a>\r\n\t\t<\/h2>\r\n\r\n\t\t\t\t<div class=\"wppsac-post-date\">\r\n\t\t\t\t\t\t<span>By adminuser<\/span>\r\n\t\t\t \/ 25 de mayo de 2020\t\t<\/div>\r\n\t\t\t\t<div class=\"wppsac-post-content\">\r\n\t\t\t<div class=\"wppsac-sub-content\">MIGRAR DE VISUAL BASIC 6 A .NET Debido a lo extendidas que est\u00e1n todab\u00eda las aplicaciones dise\u00f1adas en Visual Basic...<\/div>\r\n\r\n\t\t\t\t\t\t<a class=\"wppsac-readmorebtn\" href=\"https:\/\/www.vendingbackup.com\/es\/2020\/05\/25\/migrar-de-visual-basic-6-a-net\/\">Read More<\/a>\r\n\t\t\t\t\t<\/div>\r\n\t\t\t<\/div>\r\n<\/div>\t\t\t<\/div>\r\n\t\t<\/div>\r\n\t\n<div style=\"width: 100%; height: 1rem;\"><\/div>\n<div style=\"width: 70%;\">\n<div class=\"description-title\">\n<h2><strong>ERP<\/strong> <span style=\"color: #444444; font-size: 70%; font-style: italic;\">(Enterprise Resource Planning)<\/span><\/h2>\n<\/div>\n<div style=\"width: 100%; height: 2rem;\"><\/div>\n<div class=\"page-main-text\">\n<h3>Si bien hemos estado manteniendo e incluso ampliando el software de gesti\u00f3n de nuestros clientes, procedente de diversas empresas de desarrollo de software y teniendo en cuenta nuestra idea de servicio al cliente, pronto visualizamos la necesidad de desarrollar un <strong>ERP modular<\/strong> que satisficiera las necesidades de nuestros clientes propios y con voluntad de expansi\u00f3n a otros clientes. Con la idea de mejorar, flexibilizar y adaptar los procesos que requer\u00edan sus respectivos negocios, viendo, testeando y desarrollando sus crecientes necesidades y sus demandas, fruto de ello desarrollamos y adaptamos modularmente diferentes modelos de <strong>ERP<\/strong> en funci\u00f3n del sector al que iban dedicados y a sus necesidades espec\u00edficas, ello provoc\u00f3 satisfacci\u00f3n en nuestros clientes, los cuales pod\u00edan disponer de un sistema que satisfac\u00eda sus necesidades y un servicio t\u00e9cnico cercano, fiable, amigable y con unos costes razonables.<\/h3>\n<\/div>\n<div style=\"width: 100%; height: 2rem;\"><\/div>\n<div class=\"page-main-object\">\n<div class=\"page-main-object-left\">\n<img decoding=\"async\" src=\"http:\/\/www.vendingbackup.com\/es\/wp-content\/uploads\/sites\/2\/2020\/05\/asymetrie-erp.jpg\" alt=\"vendingbackup erp asymetrie\" \/>\n<\/div>\n<div class=\"page-main-object-right\">\n<h3>\n<ul style=\"background-color: #fee4c3;\">\n<li style=\"list-style-type: none; text-shadow: 1px 1px #444444;\">Algunas de las ventajas de un ERP:<\/li>\n<li>Integridad y unicidad del sistema de informaci\u00f3n<\/li>\n<li>Flexibilizar la gesti\u00f3n<\/li>\n<li>Mejorar la productividad<\/li>\n<li>Depurar errores de usuario<\/li>\n<li>Minimizar inversi\u00f3n en compras de materia prima<\/li>\n<li>Mejorar gesti\u00f3n de costos<\/li>\n<li>Individualizar tareas<\/li>\n<\/ul>\n<\/h3>\n<\/div>\n<\/div>\n<div style=\"width: 100%; height: 2rem;\"><\/div>\n<div>\n<hr style=\"width: 100%; color: #ffffff; border-top: 1px solid #fee4c3; margin: 0px;\" \/><\/div>\n<div style=\"width: 100%; height: 2rem;\"><\/div>\n<div class=\"page-main-text\">\n<h3>A lo largo de este tiempo se han ido a\u00f1adiendo muchas funcionalidades, normativas, reglamentos y en general las necesidades que han ido surgiendo debido a las mejoras de gesti\u00f3n acaecidas, a la visi\u00f3n estrat\u00e9gica de necesidades que internamente hemos ido implementando, a las nuevas necesidades de acceso o a las nuevas normativas.<\/h3>\n<\/div>\n<div style=\"width: 100%; height: 2rem;\"><\/div>\n<div class=\"page-main-image\"><img decoding=\"async\" style=\"width: auto; object-fit: contain;\" src=\"http:\/\/www.vendingbackup.com\/es\/wp-content\/uploads\/sites\/2\/2020\/05\/asymetrie-chart.jpg\" alt=\"erp asymetrie\" \/><\/div>\n<div style=\"width: 100%; height: 2rem;\"><\/div>\n<div class=\"page-main-text\">\n<h3>Todo ello ha llevado al software de gesti\u00f3n ERP <span style=\"color: #fee4c3; text-shadow: 1px 1px #999999;\">@symetrie<\/span> a contener numerosas funcionalidades como:<\/h3>\n<\/div>\n<div style=\"width: 100%; height: 1rem;\"><\/div>\n<div class=\"page-main-object3\">\n<div class=\"page-main-object3-left\">\n<h3>\n<ul style=\"background-color: #fee4c3;\">\n<li>Gesti\u00f3n almac\u00e9n<\/li>\n<li>Estad\u00edsticas<\/li>\n<li>Informes avanzados<\/li>\n<li>Presupuestos, Facturaci\u00f3n<\/li>\n<li>Planificaci\u00f3n de fabricaci\u00f3n mediante UI gr\u00e1fico avanzado<\/li>\n<li>Normativa gas CFC (CAF, CAE)<\/li>\n<li>Gesti\u00f3n y normativa alcohol<\/li>\n<li>Previsi\u00f3n y\/o simulaci\u00f3n de compras<\/li>\n<li>Gesti\u00f3n y\/o estimaci\u00f3n de costes<\/li>\n<li>Impresi\u00f3n etiquetas, lenguajes EPL, ZPL<\/li>\n<\/ul>\n<\/h3>\n<\/div>\n<div class=\"page-main-object3-right\">\n<h3>\n<ul style=\"background-color: #fee4c3;\">\n<li>Adquisici\u00f3n de datos desde maquinaria industrial<\/li>\n<li>Exportaci\u00f3n de datos a dispositivos o maquinaria externa<\/li>\n<li>Gesti\u00f3n calidad<\/li>\n<li>Informes calidad internos y externos<\/li>\n<li>Paletizado<\/li>\n<li>Fichas t\u00e9cnicas<\/li>\n<li>Exportaci\u00f3n a CSV<\/li>\n<li>Acceso mediante rol de usuario<\/li>\n<li>Control de ejecuciones de usuario<\/li>\n<li>etc &#8230;<\/li>\n<\/ul>\n<\/h3>\n<\/div>\n<\/div>\n<div style=\"width: 100%; height: 2rem;\"><\/div>\n<div>\n<hr style=\"width: 100%; color: #ffffff; border-top: 1px solid #fee4c3; margin: 0px;\" \/><\/div>\n<div style=\"width: 100%; height: 2rem;\"><\/div>\n<div class=\"page-main-text\">\n<h3>En cualquier caso nuestra misi\u00f3n como empresa de desarrollo de software, es mejorar al m\u00e1ximo posible el trabajo a realizar por el ERP, a gestionar las necesidades futuras y los deseos y voluntades de la empresa destinataria, mediante el ajuste y expansi\u00f3n del ERP base con el objetivo de completar conjuntamente con el destinatario, las funcionalidades espec\u00edficas.<\/h3>\n<\/div>\n<div style=\"width: 100%; height: 2rem;\"><\/div>\n<div class=\"sentence\">\n<ul>\n<li><img decoding=\"async\" src=\"http:\/\/www.vendingbackup.com\/es\/wp-content\/uploads\/sites\/2\/2020\/05\/vendingbackup-informacion.png\" \/><\/li>\n<li>\n<h1 style=\"font-size: 24px;\">La clave es <span class=\"sentence-red\">encajar el m\u00e1ximo de piezas necesarias adecuadamente<\/span><\/h1>\n<\/li>\n<\/ul>\n<\/div>\n<div style=\"width: 100%; height: 2rem;\"><\/div>\n<div class=\"page-main-image\"><img decoding=\"async\" src=\"http:\/\/www.vendingbackup.com\/es\/wp-content\/uploads\/sites\/2\/2020\/05\/complejidad-visualbasic.jpg\" alt=\"complejidad de un erp\" \/><\/div>\n<div style=\"width: 100%; height: 4rem;\"><\/div>\n<div class=\"page-main-contact\">\n<h3>Para solicitudes de informaci\u00f3n adicional, dudas o asistencia, cont\u00e1ctenos en <a href=\"http:\/\/www.vendingbackup.com\/es\/contactar\/\"><span class=\"page-main-contact-corporative\">info@vendingbackup.com<\/span><\/a>. Estaremos encantados de ayudarlo.<\/h3>\n<\/div>\n<div style=\"width: 100%; height: 2rem;\"><\/div>\n","protected":false},"excerpt":{"rendered":"<p>ERP (Enterprise Resource Planning) Si bien hemos estado manteniendo e incluso ampliando el software de gesti\u00f3n de nuestros clientes, procedente de diversas empresas de desarrollo de software y teniendo en cuenta nuestra idea de servicio al cliente, pronto visualizamos la necesidad de desarrollar un ERP modular que satisficiera las necesidades de nuestros clientes propios y [&hellip;]<\/p>\n","protected":false},"author":1,"featured_media":0,"parent":0,"menu_order":0,"comment_status":"closed","ping_status":"closed","template":"","meta":{"footnotes":""},"class_list":["post-39","page","type-page","status-publish","hentry"],"yoast_head":"<!-- This site is optimized with the Yoast SEO plugin v23.9 - https:\/\/yoast.com\/wordpress\/plugins\/seo\/ -->\n<title>ERP - VendingBackup Technologies<\/title>\n<meta name=\"robots\" content=\"index, follow, max-snippet:-1, max-image-preview:large, max-video-preview:-1\" \/>\n<link rel=\"canonical\" href=\"https:\/\/www.vendingbackup.com\/es\/erp\/\" \/>\n<meta property=\"og:locale\" content=\"es_ES\" \/>\n<meta property=\"og:type\" content=\"article\" \/>\n<meta property=\"og:title\" content=\"ERP - VendingBackup Technologies\" \/>\n<meta property=\"og:description\" content=\"ERP (Enterprise Resource Planning) Si bien hemos estado manteniendo e incluso ampliando el software de gesti\u00f3n de nuestros clientes, procedente de diversas empresas de desarrollo de software y teniendo en cuenta nuestra idea de servicio al cliente, pronto visualizamos la necesidad de desarrollar un ERP modular que satisficiera las necesidades de nuestros clientes propios y [&hellip;]\" \/>\n<meta property=\"og:url\" content=\"https:\/\/www.vendingbackup.com\/es\/erp\/\" \/>\n<meta property=\"og:site_name\" content=\"VendingBackup Technologies\" \/>\n<meta property=\"article:modified_time\" content=\"2020-05-31T07:34:12+00:00\" \/>\n<meta property=\"og:image\" content=\"http:\/\/www.vendingbackup.com\/es\/wp-content\/uploads\/sites\/2\/2020\/05\/asymetrie-erp.jpg\" \/>\n<meta name=\"twitter:card\" content=\"summary_large_image\" \/>\n<meta name=\"twitter:label1\" content=\"Tiempo de lectura\" \/>\n\t<meta name=\"twitter:data1\" content=\"2 minutos\" \/>\n<script type=\"application\/ld+json\" class=\"yoast-schema-graph\">{\"@context\":\"https:\/\/schema.org\",\"@graph\":[{\"@type\":\"WebPage\",\"@id\":\"https:\/\/www.vendingbackup.com\/es\/erp\/\",\"url\":\"https:\/\/www.vendingbackup.com\/es\/erp\/\",\"name\":\"ERP - VendingBackup Technologies\",\"isPartOf\":{\"@id\":\"https:\/\/www.vendingbackup.com\/es\/#website\"},\"primaryImageOfPage\":{\"@id\":\"https:\/\/www.vendingbackup.com\/es\/erp\/#primaryimage\"},\"image\":{\"@id\":\"https:\/\/www.vendingbackup.com\/es\/erp\/#primaryimage\"},\"thumbnailUrl\":\"http:\/\/www.vendingbackup.com\/es\/wp-content\/uploads\/sites\/2\/2020\/05\/asymetrie-erp.jpg\",\"datePublished\":\"2020-05-25T15:15:59+00:00\",\"dateModified\":\"2020-05-31T07:34:12+00:00\",\"breadcrumb\":{\"@id\":\"https:\/\/www.vendingbackup.com\/es\/erp\/#breadcrumb\"},\"inLanguage\":\"es\",\"potentialAction\":[{\"@type\":\"ReadAction\",\"target\":[\"https:\/\/www.vendingbackup.com\/es\/erp\/\"]}]},{\"@type\":\"ImageObject\",\"inLanguage\":\"es\",\"@id\":\"https:\/\/www.vendingbackup.com\/es\/erp\/#primaryimage\",\"url\":\"https:\/\/www.vendingbackup.com\/es\/wp-content\/uploads\/sites\/2\/2020\/05\/asymetrie-erp.jpg\",\"contentUrl\":\"https:\/\/www.vendingbackup.com\/es\/wp-content\/uploads\/sites\/2\/2020\/05\/asymetrie-erp.jpg\",\"width\":555,\"height\":210},{\"@type\":\"BreadcrumbList\",\"@id\":\"https:\/\/www.vendingbackup.com\/es\/erp\/#breadcrumb\",\"itemListElement\":[{\"@type\":\"ListItem\",\"position\":1,\"name\":\"Home\",\"item\":\"https:\/\/www.vendingbackup.com\/es\/\"},{\"@type\":\"ListItem\",\"position\":2,\"name\":\"ERP\"}]},{\"@type\":\"WebSite\",\"@id\":\"https:\/\/www.vendingbackup.com\/es\/#website\",\"url\":\"https:\/\/www.vendingbackup.com\/es\/\",\"name\":\"VendingBackup Technologies\",\"description\":\"Servicio inform\u00e1tico a empresas\",\"publisher\":{\"@id\":\"https:\/\/www.vendingbackup.com\/es\/#organization\"},\"potentialAction\":[{\"@type\":\"SearchAction\",\"target\":{\"@type\":\"EntryPoint\",\"urlTemplate\":\"https:\/\/www.vendingbackup.com\/es\/?s={search_term_string}\"},\"query-input\":{\"@type\":\"PropertyValueSpecification\",\"valueRequired\":true,\"valueName\":\"search_term_string\"}}],\"inLanguage\":\"es\"},{\"@type\":\"Organization\",\"@id\":\"https:\/\/www.vendingbackup.com\/es\/#organization\",\"name\":\"VendingBackup Technologies\",\"url\":\"https:\/\/www.vendingbackup.com\/es\/\",\"logo\":{\"@type\":\"ImageObject\",\"inLanguage\":\"es\",\"@id\":\"https:\/\/www.vendingbackup.com\/es\/#\/schema\/logo\/image\/\",\"url\":\"https:\/\/www.vendingbackup.com\/es\/wp-content\/uploads\/sites\/2\/2020\/05\/vendingbackup-logo.jpg\",\"contentUrl\":\"https:\/\/www.vendingbackup.com\/es\/wp-content\/uploads\/sites\/2\/2020\/05\/vendingbackup-logo.jpg\",\"width\":201,\"height\":36,\"caption\":\"VendingBackup Technologies\"},\"image\":{\"@id\":\"https:\/\/www.vendingbackup.com\/es\/#\/schema\/logo\/image\/\"}}]}<\/script>\n<!-- \/ Yoast SEO plugin. -->","yoast_head_json":{"title":"ERP - VendingBackup Technologies","robots":{"index":"index","follow":"follow","max-snippet":"max-snippet:-1","max-image-preview":"max-image-preview:large","max-video-preview":"max-video-preview:-1"},"canonical":"https:\/\/www.vendingbackup.com\/es\/erp\/","og_locale":"es_ES","og_type":"article","og_title":"ERP - VendingBackup Technologies","og_description":"ERP (Enterprise Resource Planning) Si bien hemos estado manteniendo e incluso ampliando el software de gesti\u00f3n de nuestros clientes, procedente de diversas empresas de desarrollo de software y teniendo en cuenta nuestra idea de servicio al cliente, pronto visualizamos la necesidad de desarrollar un ERP modular que satisficiera las necesidades de nuestros clientes propios y [&hellip;]","og_url":"https:\/\/www.vendingbackup.com\/es\/erp\/","og_site_name":"VendingBackup Technologies","article_modified_time":"2020-05-31T07:34:12+00:00","og_image":[{"url":"http:\/\/www.vendingbackup.com\/es\/wp-content\/uploads\/sites\/2\/2020\/05\/asymetrie-erp.jpg"}],"twitter_card":"summary_large_image","twitter_misc":{"Tiempo de lectura":"2 minutos"},"schema":{"@context":"https:\/\/schema.org","@graph":[{"@type":"WebPage","@id":"https:\/\/www.vendingbackup.com\/es\/erp\/","url":"https:\/\/www.vendingbackup.com\/es\/erp\/","name":"ERP - VendingBackup Technologies","isPartOf":{"@id":"https:\/\/www.vendingbackup.com\/es\/#website"},"primaryImageOfPage":{"@id":"https:\/\/www.vendingbackup.com\/es\/erp\/#primaryimage"},"image":{"@id":"https:\/\/www.vendingbackup.com\/es\/erp\/#primaryimage"},"thumbnailUrl":"http:\/\/www.vendingbackup.com\/es\/wp-content\/uploads\/sites\/2\/2020\/05\/asymetrie-erp.jpg","datePublished":"2020-05-25T15:15:59+00:00","dateModified":"2020-05-31T07:34:12+00:00","breadcrumb":{"@id":"https:\/\/www.vendingbackup.com\/es\/erp\/#breadcrumb"},"inLanguage":"es","potentialAction":[{"@type":"ReadAction","target":["https:\/\/www.vendingbackup.com\/es\/erp\/"]}]},{"@type":"ImageObject","inLanguage":"es","@id":"https:\/\/www.vendingbackup.com\/es\/erp\/#primaryimage","url":"https:\/\/www.vendingbackup.com\/es\/wp-content\/uploads\/sites\/2\/2020\/05\/asymetrie-erp.jpg","contentUrl":"https:\/\/www.vendingbackup.com\/es\/wp-content\/uploads\/sites\/2\/2020\/05\/asymetrie-erp.jpg","width":555,"height":210},{"@type":"BreadcrumbList","@id":"https:\/\/www.vendingbackup.com\/es\/erp\/#breadcrumb","itemListElement":[{"@type":"ListItem","position":1,"name":"Home","item":"https:\/\/www.vendingbackup.com\/es\/"},{"@type":"ListItem","position":2,"name":"ERP"}]},{"@type":"WebSite","@id":"https:\/\/www.vendingbackup.com\/es\/#website","url":"https:\/\/www.vendingbackup.com\/es\/","name":"VendingBackup Technologies","description":"Servicio inform\u00e1tico a empresas","publisher":{"@id":"https:\/\/www.vendingbackup.com\/es\/#organization"},"potentialAction":[{"@type":"SearchAction","target":{"@type":"EntryPoint","urlTemplate":"https:\/\/www.vendingbackup.com\/es\/?s={search_term_string}"},"query-input":{"@type":"PropertyValueSpecification","valueRequired":true,"valueName":"search_term_string"}}],"inLanguage":"es"},{"@type":"Organization","@id":"https:\/\/www.vendingbackup.com\/es\/#organization","name":"VendingBackup Technologies","url":"https:\/\/www.vendingbackup.com\/es\/","logo":{"@type":"ImageObject","inLanguage":"es","@id":"https:\/\/www.vendingbackup.com\/es\/#\/schema\/logo\/image\/","url":"https:\/\/www.vendingbackup.com\/es\/wp-content\/uploads\/sites\/2\/2020\/05\/vendingbackup-logo.jpg","contentUrl":"https:\/\/www.vendingbackup.com\/es\/wp-content\/uploads\/sites\/2\/2020\/05\/vendingbackup-logo.jpg","width":201,"height":36,"caption":"VendingBackup Technologies"},"image":{"@id":"https:\/\/www.vendingbackup.com\/es\/#\/schema\/logo\/image\/"}}]}},"_links":{"self":[{"href":"https:\/\/www.vendingbackup.com\/es\/wp-json\/wp\/v2\/pages\/39","targetHints":{"allow":["GET"]}}],"collection":[{"href":"https:\/\/www.vendingbackup.com\/es\/wp-json\/wp\/v2\/pages"}],"about":[{"href":"https:\/\/www.vendingbackup.com\/es\/wp-json\/wp\/v2\/types\/page"}],"author":[{"embeddable":true,"href":"https:\/\/www.vendingbackup.com\/es\/wp-json\/wp\/v2\/users\/1"}],"replies":[{"embeddable":true,"href":"https:\/\/www.vendingbackup.com\/es\/wp-json\/wp\/v2\/comments?post=39"}],"version-history":[{"count":47,"href":"https:\/\/www.vendingbackup.com\/es\/wp-json\/wp\/v2\/pages\/39\/revisions"}],"predecessor-version":[{"id":1161,"href":"https:\/\/www.vendingbackup.com\/es\/wp-json\/wp\/v2\/pages\/39\/revisions\/1161"}],"wp:attachment":[{"href":"https:\/\/www.vendingbackup.com\/es\/wp-json\/wp\/v2\/media?parent=39"}],"curies":[{"name":"wp","href":"https:\/\/api.w.org\/{rel}","templated":true}]}}