{"id":41,"date":"2020-05-25T17:16:22","date_gmt":"2020-05-25T15:16:22","guid":{"rendered":"http:\/\/www.vendingbackup.com\/es\/?page_id=41"},"modified":"2020-05-31T08:18:21","modified_gmt":"2020-05-31T06:18:21","slug":"inicio","status":"publish","type":"page","link":"https:\/\/www.vendingbackup.com\/es\/","title":{"rendered":"Inicio"},"content":{"rendered":"\t\t<div class=\"wppsac-wrap wppsac-slick-carousel-wrp wppsac-clearfix \" data-conf=\"{&quot;slides_to_show&quot;:3,&quot;slides_to_scroll&quot;:1,&quot;dots&quot;:&quot;true&quot;,&quot;arrows&quot;:&quot;true&quot;,&quot;autoplay&quot;:&quot;true&quot;,&quot;autoplay_interval&quot;:3000,&quot;speed&quot;:500,&quot;rtl&quot;:&quot;false&quot;,&quot;lazyload&quot;:&quot;&quot;}\">\r\n\t\t\t<div id=\"wppsac-post-carousel-1\" class=\"wppsac-post-slider-init wppsac-post-carousel design-1\">\r\n\t\t\t\t<div class=\"wppsac-carousel-slides\">\r\n\t\r\n\t<div class=\"wppsac-post-content-position\">\r\n\t\t\t\t<div class=\"wppsac-post-categories\"><ul class=\"wppsac-post-categories-list\"><li><a href=\"https:\/\/www.vendingbackup.com\/es\/category\/general\/\">General<\/a><\/li><\/ul><\/div>\r\n\t\t\r\n\t\t<h2 class=\"wppsac-post-title\">\r\n\t\t\t<a href=\"https:\/\/www.vendingbackup.com\/es\/2020\/06\/18\/la-importancia-de-las-copias-de-seguridad\/\">La importancia de las <strong>Copias de Seguridad<\/strong><\/a>\r\n\t\t<\/h2>\r\n\r\n\t\t\t\t<div class=\"wppsac-post-date\">\r\n\t\t\t\t\t\t<span>By adminuser<\/span>\r\n\t\t\t \/ 18 de junio de 2020\t\t<\/div>\r\n\t\t\t\t<div class=\"wppsac-post-content\">\r\n\t\t\t<div class=\"wppsac-sub-content\">La importancia de las copias de seguridad Todos sabemos que nada es inmutable, la informaci\u00f3n tampoco. \u00bfQu\u00e9 pasar\u00eda si perdi\u00e9ramos...<\/div>\r\n\r\n\t\t\t\t\t\t<a class=\"wppsac-readmorebtn\" href=\"https:\/\/www.vendingbackup.com\/es\/2020\/06\/18\/la-importancia-de-las-copias-de-seguridad\/\">Read More<\/a>\r\n\t\t\t\t\t<\/div>\r\n\t\t\t<\/div>\r\n<\/div><div class=\"wppsac-carousel-slides\">\r\n\t\r\n\t<div class=\"wppsac-post-content-position\">\r\n\t\t\t\t<div class=\"wppsac-post-categories\"><ul class=\"wppsac-post-categories-list\"><li><a href=\"https:\/\/www.vendingbackup.com\/es\/category\/general\/\">General<\/a><\/li><\/ul><\/div>\r\n\t\t\r\n\t\t<h2 class=\"wppsac-post-title\">\r\n\t\t\t<a href=\"https:\/\/www.vendingbackup.com\/es\/2020\/05\/25\/como-disenar-una-pagina-web\/\">Como dise\u00f1ar una p\u00e1gina <strong>Web<\/strong><\/a>\r\n\t\t<\/h2>\r\n\r\n\t\t\t\t<div class=\"wppsac-post-date\">\r\n\t\t\t\t\t\t<span>By adminuser<\/span>\r\n\t\t\t \/ 25 de mayo de 2020\t\t<\/div>\r\n\t\t\t\t<div class=\"wppsac-post-content\">\r\n\t\t\t<div class=\"wppsac-sub-content\">COMO DISE\u00d1AR UNA P\u00c1GINA WEB El hecho de la creaci\u00f3n de una p\u00e1gina web, no debe ser fruto de la...<\/div>\r\n\r\n\t\t\t\t\t\t<a class=\"wppsac-readmorebtn\" href=\"https:\/\/www.vendingbackup.com\/es\/2020\/05\/25\/como-disenar-una-pagina-web\/\">Read More<\/a>\r\n\t\t\t\t\t<\/div>\r\n\t\t\t<\/div>\r\n<\/div><div class=\"wppsac-carousel-slides\">\r\n\t\r\n\t<div class=\"wppsac-post-content-position\">\r\n\t\t\t\t<div class=\"wppsac-post-categories\"><ul class=\"wppsac-post-categories-list\"><li><a href=\"https:\/\/www.vendingbackup.com\/es\/category\/general\/\">General<\/a><\/li><\/ul><\/div>\r\n\t\t\r\n\t\t<h2 class=\"wppsac-post-title\">\r\n\t\t\t<a href=\"https:\/\/www.vendingbackup.com\/es\/2020\/05\/25\/migrar-de-visual-basic-6-a-net\/\">Migrar de <strong>Visual Basic 6<\/strong> a <strong>.NET<\/strong><\/a>\r\n\t\t<\/h2>\r\n\r\n\t\t\t\t<div class=\"wppsac-post-date\">\r\n\t\t\t\t\t\t<span>By adminuser<\/span>\r\n\t\t\t \/ 25 de mayo de 2020\t\t<\/div>\r\n\t\t\t\t<div class=\"wppsac-post-content\">\r\n\t\t\t<div class=\"wppsac-sub-content\">MIGRAR DE VISUAL BASIC 6 A .NET Debido a lo extendidas que est\u00e1n todab\u00eda las aplicaciones dise\u00f1adas en Visual Basic...<\/div>\r\n\r\n\t\t\t\t\t\t<a class=\"wppsac-readmorebtn\" href=\"https:\/\/www.vendingbackup.com\/es\/2020\/05\/25\/migrar-de-visual-basic-6-a-net\/\">Read More<\/a>\r\n\t\t\t\t\t<\/div>\r\n\t\t\t<\/div>\r\n<\/div>\t\t\t<\/div>\r\n\t\t<\/div>\r\n\t\n<div style=\"width: 100%; height: 0rem;\"><\/div>\n<div class=\"sentence\">\n<ul>\n<li><img decoding=\"async\" src=\"http:\/\/www.vendingbackup.com\/es\/wp-content\/uploads\/sites\/2\/2020\/05\/vendingbackup-informacion.png\" \/><\/li>\n<li>\n<h1 style=\"font-size: 24px;\">Tu <span class=\"sentence-green\">servicio t\u00e9cnico inform\u00e1tico<\/span><br \/>desde Sant Celoni damos servicio al Vall\u00e9s, Barcelon\u00e9s y Maresme<\/h1>\n<\/li>\n<\/ul>\n<\/div>\n<div style=\"width: 100%; height: 0rem;\"><\/div>\n<div class=\"text-box\">\n<div class=\"text-box-content\">\n<h3>Si algo ha caracterizado a nuestra empresa desde que iniciamos el proyecto empresarial, es nuestra <strong>voluntad de servicio<\/strong>, la cual prestamos en t\u00e9rminos de <strong>eficiencia<\/strong>, <strong>responsabilidad<\/strong>, <strong>confidencialidad<\/strong> y toda <strong>nuestra profesionalidad<\/strong>, pero lo que m\u00e1s nos satisface es el <strong>aval de nuestros clientes<\/strong> a lo largo de los a\u00f1os.<br \/>Debido a ello, nuestros servicios siempre han estado enfocados a las necesidades de nuestros clientes, solucionando sus dificultades tecnol\u00f3gicas, desarrollando y manteniendo sus ERP&#8217;s y CRM&#8217;s, mejorando y\/o dise\u00f1ando sus Webs, sus tiendas online o sus plataformas de contenido con WordPress.<\/h3>\n<\/div>\n<\/div>\n<div style=\"width: 100%; height: 1rem;\"><\/div>\n<div class=\"description-title\">\n<h2>Productos y <strong>Servicios<\/strong><\/h2>\n<\/div>\n<div class=\"description-main-item\">\n<ul class=\"description-main-item-list\">\n<li><a href=\"http:\/\/www.vendingbackup.com\/es\/servicios\/\"><img decoding=\"async\" class=\"description-main-item-img\" src=\"http:\/\/www.vendingbackup.com\/es\/wp-content\/uploads\/sites\/2\/2020\/05\/vendingbackup-nuestros-servicios.jpg\"  alt=\"vendingbackup servicios\" \/><\/a><\/li>\n<li>\n<h3 class=\"description-main-item-title\">Nuestros servicios est\u00e1n enfocados a las necesidades de nuestros clientes, solucionando sus dificultades tecnol\u00f3gicas, formando a sus usuarios, con la voluntat de la mejora de la productividad, la facilidad de uso o la seguridad, entre otros.<\/h3>\n<h4>\n<ul class=\"description-main-item-text-list3\">\n<li>Consultor\u00eda tecnol\u00f3gica<\/li>\n<li>Instalaci\u00f3n y mantenimiento de Redes<\/li>\n<li>Infraestructura en entornos cliente servidor<\/li>\n<li>Mantenimiento y venta de Hardware y software<\/li>\n<li>Implantaci\u00f3n, desarrollo y mantenimiento de servidores Linux<\/li>\n<\/ul>\n<\/h4>\n<h4>\n<ul class=\"description-main-item-text-list4\">\n<li>Proyectos a medida<\/li>\n<li>Migraci\u00f3n de datos<\/li>\n<li>Seguridad inform\u00e1tica y recuperaci\u00f3n de datos<\/li>\n<li>Dise\u00f1o y desarrollo de aplicaciones<\/li>\n<li>Administraci\u00f3n y gesti\u00f3n de Bases de Datos MySLQ, MS SQL<\/li>\n<\/ul>\n<\/h4>\n<\/li>\n<\/ul>\n<\/div>\n<div style=\"width: 100%; height: 1rem;\"><\/div>\n<div class=\"description-main-item\">\n<ul class=\"description-main-item-list\">\n<li><a href=\"http:\/\/www.vendingbackup.com\/es\/erp\/\"><img decoding=\"async\" class=\"description-main-item-img\" src=\"http:\/\/www.vendingbackup.com\/es\/wp-content\/uploads\/sites\/2\/2020\/05\/gestion-empresarial-erp-asymetrie.jpg\" alt=\"vendingbackup ERP asymetrie\" \/><\/a><\/li>\n<li>\n<h3 class=\"description-main-item-title\">ERP es una herramienta inform\u00e1tica para maximizar la eficiencia de la gesti\u00f3n empresarial y la mejora de la toma de decisiones, mejora de la auditoria y seguridad de los datos, mejora de la trazabilidad, automatizaci\u00f3n de procesos, escalabilidad, etc&#8230;<\/h3>\n<h4>\n<ul class=\"description-main-item-text-list3\">\n<li>Optimizaci\u00f3n de los procesos de gesti\u00f3n<\/li>\n<li>Integridad y unicidad del sistema de informaci\u00f3n<\/li>\n<li>Reducci\u00f3n de los costes de gesti\u00f3n de la informaci\u00f3n<\/li>\n<li>Estandarizaci\u00f3n de la informaci\u00f3n (mejora en la curva de aprendizaje)<\/li>\n<\/ul>\n<\/h4>\n<h4>\n<ul class=\"description-main-item-text-list4\">\n<li>Aumento de la productividad<\/li>\n<li>Reducci\u00f3n de los costes, mediante la mejora de la gesti\u00f3n<\/li>\n<li>Homogeneizaci\u00f3n de procesos<\/li>\n<li>Expandavilidad del sistema<\/li>\n<\/ul>\n<\/h4>\n<\/li>\n<\/ul>\n<\/div>\n<div style=\"width: 100%; height: 1rem;\"><\/div>\n<div class=\"description-main-item\">\n<ul class=\"description-main-item-list\">\n<li><a href=\"http:\/\/www.vendingbackup.com\/es\/servicios\/\"><img decoding=\"async\" class=\"description-main-item-img\" src=\"http:\/\/www.vendingbackup.com\/es\/wp-content\/uploads\/sites\/2\/2020\/05\/tiendas-online-prestashop.jpg\" alt=\"tienda online prestashop\" \/><\/a><\/li>\n<li>\n<h3 class=\"description-main-item-title\">Prestashop es una de las soluciones CMS de para tiendas Online m\u00e1s utilizadas de Europa, de c\u00f3digo abierto, por lo cual nos da la seguridad disponer de una amplia red de desarrolladores, dispone de multitud de m\u00f3dulos optimizados y desarrollados.<\/h3>\n<h4>\n<ul class=\"description-main-item-text-list3\">\n<li>Plataforma CMS de c\u00f3digo abierto<\/li>\n<li>Amplia cantidad de M\u00f3dulos ya desarrollados<\/li>\n<li>Pasarelas de pago suministradas por los agentes bancarios<\/li>\n<li>Amplia red de desarrolladores y administradores<\/li>\n<li>M\u00faltiples combinaciones de productos<\/li>\n<\/ul>\n<\/h4>\n<h4>\n<ul class=\"description-main-item-text-list4\">\n<li>Plataforma optimizada para SEO Org\u00e1nico<\/li>\n<li>Backoffice de operador amigable<\/li>\n<li>Baja curva de aprendizaje<\/li>\n<li>F\u00e1cil configuraci\u00f3n internacional<\/li>\n<li>Seguridad avanzada<\/li>\n<\/ul>\n<\/h4>\n<\/li>\n<\/ul>\n<\/div>\n<div style=\"width: 100%; height: 1rem;\"><\/div>\n<div class=\"description-main-item\">\n<ul class=\"description-main-item-list\">\n<li><a href=\"http:\/\/www.vendingbackup.com\/es\/servicios\/\"><img decoding=\"async\" class=\"description-main-item-img\" src=\"http:\/\/www.vendingbackup.com\/es\/wp-content\/uploads\/sites\/2\/2020\/05\/gestor-de-contenidos-wordpress.jpg\"  alt=\"gestor de contenidos wordpress\" \/><\/a><\/li>\n<li>\n<h3 class=\"description-main-item-title\">WordPress, plataforma de gesti\u00f3n espec\u00edficamente desarrollada para mostrar contenidos, de c\u00f3digo abierto muy vers\u00e1til, ampliamente utilizada y optimizada, con alto ratio de configuraci\u00f3n, adaptable tem\u00e1ticamente y con multitud de m\u00f3dulos y funcionalidades.<\/h3>\n<h4>\n<ul class=\"description-main-item-text-list3\">\n<li>Convertible en tienda mediante WooCommerce<\/li>\n<li>Compatible con m\u00faltiples tipos de medios, documentos, audio, video<\/li>\n<li>Enfocada a SEO, mediante plugins<\/li>\n<li>Perfecta para Blogging<\/li>\n<li>F\u00e1cil administraci\u00f3n<\/li>\n<\/ul>\n<\/h4>\n<h4>\n<ul class=\"description-main-item-text-list4\">\n<li>Eficiente gesti\u00f3n de usuarios<\/li>\n<li>F\u00e1cilmente Escalable, mediante nuevos temas o pluggins o desarrollo propio<\/li>\n<li>Dise\u00f1os atractivos y modificables seg\u00fan necesidad<\/li>\n<li>Altamente seguro y con seguridad ampliable<\/li>\n<li>Baja curva de aprendizaje para el usuario<\/li>\n<\/ul>\n<\/h4>\n<\/li>\n<\/ul>\n<\/div>\n<div style=\"width: 100%; height: 1rem;\"><\/div>\n<div class=\"description-main-item\">\n<ul class=\"description-main-item-list\">\n<li><a href=\"http:\/\/www.vendingbackup.com\/es\/servicios\/\"><img decoding=\"async\" class=\"description-main-item-img\" src=\"http:\/\/www.vendingbackup.com\/es\/wp-content\/uploads\/sites\/2\/2020\/05\/visual-basic-net-visual-studio.jpg\" alt=\"visual basic.NET visual studio\"\/><\/a><\/li>\n<li>\n<h3 class=\"description-main-item-title\">Somos especialistas en creaci\u00f3n, mantenimiento, actualizaci\u00f3n o migraci\u00f3n de sistemas basados en Visual Basic o plataformas de desarrollo Microsoft afines, mediante Visual Studio u otros EDI&#8217;s, como C Sharp (#), C++, VB6, Vb.net o assembler, MySQL, MS SQL.<\/h3>\n<h4>\n<ul class=\"description-main-item-text-list3\">\n<li>Consultor\u00eda tecnol\u00f3gica<\/li>\n<li>Instalaci\u00f3n y mantenimiento de Redes<\/li>\n<li>Infraestructura de entornos cliente servidor<\/li>\n<li>Mantenimiento y venta de Hardware y software<\/li>\n<\/ul>\n<\/h4>\n<h4>\n<ul class=\"description-main-item-text-list4\">\n<li>Proyectos a medida<\/li>\n<li>Migraci\u00f3n de datos<\/li>\n<li>Seguridad inform\u00e1tica<\/li>\n<li>Dise\u00f1o y desarrollo de aplicaciones<\/li>\n<\/ul>\n<\/h4>\n<\/li>\n<\/ul>\n<\/div>\n<div style=\"width: 100%; height: 1rem;\"><\/div>\n<div class=\"description-main-item\">\n<ul class=\"description-main-item-list\">\n<li><a href=\"http:\/\/www.vendingbackup.com\/es\/servicios\/\"><img decoding=\"async\" class=\"description-main-item-img\" src=\"http:\/\/www.vendingbackup.com\/es\/wp-content\/uploads\/sites\/2\/2020\/05\/diseno-web.jpg\" alt=\"dise\u00f1o web\" \/><\/a><\/li>\n<li>\n<h3 class=\"description-main-item-title\">Cualquier negocio que quiera sobrevivir debe estar en Internet, debido a que es el canal de difusi\u00f3n masivo m\u00e1s utilizado, para alcanzar al futuro cliente, pero no sirve hacerlo de cualquier manera, la clave est\u00e1 en la forma de implementar el dise\u00f1o web.<\/h3>\n<h4>\n<ul class=\"description-main-item-text-list3\">\n<li>Consultor\u00eda de contenidos<\/li>\n<li>Implementaci\u00f3n a medida seg\u00fan objetivos y necesidades<\/li>\n<li>Mantenimiento de webs<\/li>\n<li>Gesti\u00f3n de dominios y Hosting<\/li>\n<\/ul>\n<\/h4>\n<h4>\n<ul class=\"description-main-item-text-list4\">\n<li>Facturaci\u00f3n amigable a las posibilidades del cliente<\/li>\n<li>SEO y SEM<\/li>\n<li>Emailing<\/li>\n<li>Confidencialidad<\/li>\n<\/ul>\n<\/h4>\n<\/li>\n<\/ul>\n<\/div>\n<div style=\"width: 100%; height: 1rem;\"><\/div>\n<div class=\"sentence\">\n<ul>\n<li><img decoding=\"async\" src=\"http:\/\/www.vendingbackup.com\/es\/wp-content\/uploads\/sites\/2\/2020\/05\/vendingbackup-exclamacion.png\" \/><\/li>\n<li>\n<h1 style=\"font-size: 24px;\"><span class=\"sentence-red\">Trabajamos contigo<\/span> para mejorar <span class=\"sentence-green\">tu negocio<\/span> y satisfacer a <span class=\"sentence-red\">tus clientes<\/span><\/h1>\n<\/li>\n<\/ul>\n<\/div>\n<div style=\"width: 100%; height: 2rem;\"><\/div>\n","protected":false},"excerpt":{"rendered":"<p>Tu servicio t\u00e9cnico inform\u00e1ticodesde Sant Celoni damos servicio al Vall\u00e9s, Barcelon\u00e9s y Maresme Si algo ha caracterizado a nuestra empresa desde que iniciamos el proyecto empresarial, es nuestra voluntad de servicio, la cual prestamos en t\u00e9rminos de eficiencia, responsabilidad, confidencialidad y toda nuestra profesionalidad, pero lo que m\u00e1s nos satisface es el aval de nuestros [&hellip;]<\/p>\n","protected":false},"author":1,"featured_media":0,"parent":0,"menu_order":0,"comment_status":"closed","ping_status":"closed","template":"","meta":{"footnotes":""},"class_list":["post-41","page","type-page","status-publish","hentry"],"yoast_head":"<!-- This site is optimized with the Yoast SEO plugin v23.9 - https:\/\/yoast.com\/wordpress\/plugins\/seo\/ -->\n<title>Inicio - VendingBackup Technologies<\/title>\n<meta name=\"robots\" content=\"index, follow, max-snippet:-1, max-image-preview:large, max-video-preview:-1\" \/>\n<link rel=\"canonical\" href=\"https:\/\/www.vendingbackup.com\/es\/\" \/>\n<meta property=\"og:locale\" content=\"es_ES\" \/>\n<meta property=\"og:type\" content=\"article\" \/>\n<meta property=\"og:title\" content=\"Inicio - VendingBackup Technologies\" \/>\n<meta property=\"og:description\" content=\"Tu servicio t\u00e9cnico inform\u00e1ticodesde Sant Celoni damos servicio al Vall\u00e9s, Barcelon\u00e9s y Maresme Si algo ha caracterizado a nuestra empresa desde que iniciamos el proyecto empresarial, es nuestra voluntad de servicio, la cual prestamos en t\u00e9rminos de eficiencia, responsabilidad, confidencialidad y toda nuestra profesionalidad, pero lo que m\u00e1s nos satisface es el aval de nuestros [&hellip;]\" \/>\n<meta property=\"og:url\" content=\"https:\/\/www.vendingbackup.com\/es\/\" \/>\n<meta property=\"og:site_name\" content=\"VendingBackup Technologies\" \/>\n<meta property=\"article:modified_time\" content=\"2020-05-31T06:18:21+00:00\" \/>\n<meta property=\"og:image\" content=\"http:\/\/www.vendingbackup.com\/es\/wp-content\/uploads\/sites\/2\/2020\/05\/vendingbackup-informacion.png\" \/>\n<meta name=\"twitter:card\" content=\"summary_large_image\" \/>\n<meta name=\"twitter:label1\" content=\"Tiempo de lectura\" \/>\n\t<meta name=\"twitter:data1\" content=\"3 minutos\" \/>\n<script type=\"application\/ld+json\" class=\"yoast-schema-graph\">{\"@context\":\"https:\/\/schema.org\",\"@graph\":[{\"@type\":\"WebPage\",\"@id\":\"https:\/\/www.vendingbackup.com\/es\/\",\"url\":\"https:\/\/www.vendingbackup.com\/es\/\",\"name\":\"Inicio - VendingBackup Technologies\",\"isPartOf\":{\"@id\":\"https:\/\/www.vendingbackup.com\/es\/#website\"},\"primaryImageOfPage\":{\"@id\":\"https:\/\/www.vendingbackup.com\/es\/#primaryimage\"},\"image\":{\"@id\":\"https:\/\/www.vendingbackup.com\/es\/#primaryimage\"},\"thumbnailUrl\":\"http:\/\/www.vendingbackup.com\/es\/wp-content\/uploads\/sites\/2\/2020\/05\/vendingbackup-informacion.png\",\"datePublished\":\"2020-05-25T15:16:22+00:00\",\"dateModified\":\"2020-05-31T06:18:21+00:00\",\"breadcrumb\":{\"@id\":\"https:\/\/www.vendingbackup.com\/es\/#breadcrumb\"},\"inLanguage\":\"es\",\"potentialAction\":[{\"@type\":\"ReadAction\",\"target\":[\"https:\/\/www.vendingbackup.com\/es\/\"]}]},{\"@type\":\"ImageObject\",\"inLanguage\":\"es\",\"@id\":\"https:\/\/www.vendingbackup.com\/es\/#primaryimage\",\"url\":\"https:\/\/www.vendingbackup.com\/es\/wp-content\/uploads\/sites\/2\/2020\/05\/vendingbackup-informacion.png\",\"contentUrl\":\"https:\/\/www.vendingbackup.com\/es\/wp-content\/uploads\/sites\/2\/2020\/05\/vendingbackup-informacion.png\",\"width\":48,\"height\":48},{\"@type\":\"BreadcrumbList\",\"@id\":\"https:\/\/www.vendingbackup.com\/es\/#breadcrumb\",\"itemListElement\":[{\"@type\":\"ListItem\",\"position\":1,\"name\":\"Home\",\"item\":\"https:\/\/www.vendingbackup.com\/es\/\"},{\"@type\":\"ListItem\",\"position\":2,\"name\":\"Inicio\"}]},{\"@type\":\"WebSite\",\"@id\":\"https:\/\/www.vendingbackup.com\/es\/#website\",\"url\":\"https:\/\/www.vendingbackup.com\/es\/\",\"name\":\"VendingBackup Technologies\",\"description\":\"Servicio inform\u00e1tico a empresas\",\"publisher\":{\"@id\":\"https:\/\/www.vendingbackup.com\/es\/#organization\"},\"potentialAction\":[{\"@type\":\"SearchAction\",\"target\":{\"@type\":\"EntryPoint\",\"urlTemplate\":\"https:\/\/www.vendingbackup.com\/es\/?s={search_term_string}\"},\"query-input\":{\"@type\":\"PropertyValueSpecification\",\"valueRequired\":true,\"valueName\":\"search_term_string\"}}],\"inLanguage\":\"es\"},{\"@type\":\"Organization\",\"@id\":\"https:\/\/www.vendingbackup.com\/es\/#organization\",\"name\":\"VendingBackup Technologies\",\"url\":\"https:\/\/www.vendingbackup.com\/es\/\",\"logo\":{\"@type\":\"ImageObject\",\"inLanguage\":\"es\",\"@id\":\"https:\/\/www.vendingbackup.com\/es\/#\/schema\/logo\/image\/\",\"url\":\"https:\/\/www.vendingbackup.com\/es\/wp-content\/uploads\/sites\/2\/2020\/05\/vendingbackup-logo.jpg\",\"contentUrl\":\"https:\/\/www.vendingbackup.com\/es\/wp-content\/uploads\/sites\/2\/2020\/05\/vendingbackup-logo.jpg\",\"width\":201,\"height\":36,\"caption\":\"VendingBackup Technologies\"},\"image\":{\"@id\":\"https:\/\/www.vendingbackup.com\/es\/#\/schema\/logo\/image\/\"}}]}<\/script>\n<!-- \/ Yoast SEO plugin. -->","yoast_head_json":{"title":"Inicio - VendingBackup Technologies","robots":{"index":"index","follow":"follow","max-snippet":"max-snippet:-1","max-image-preview":"max-image-preview:large","max-video-preview":"max-video-preview:-1"},"canonical":"https:\/\/www.vendingbackup.com\/es\/","og_locale":"es_ES","og_type":"article","og_title":"Inicio - VendingBackup Technologies","og_description":"Tu servicio t\u00e9cnico inform\u00e1ticodesde Sant Celoni damos servicio al Vall\u00e9s, Barcelon\u00e9s y Maresme Si algo ha caracterizado a nuestra empresa desde que iniciamos el proyecto empresarial, es nuestra voluntad de servicio, la cual prestamos en t\u00e9rminos de eficiencia, responsabilidad, confidencialidad y toda nuestra profesionalidad, pero lo que m\u00e1s nos satisface es el aval de nuestros [&hellip;]","og_url":"https:\/\/www.vendingbackup.com\/es\/","og_site_name":"VendingBackup Technologies","article_modified_time":"2020-05-31T06:18:21+00:00","og_image":[{"url":"http:\/\/www.vendingbackup.com\/es\/wp-content\/uploads\/sites\/2\/2020\/05\/vendingbackup-informacion.png"}],"twitter_card":"summary_large_image","twitter_misc":{"Tiempo de lectura":"3 minutos"},"schema":{"@context":"https:\/\/schema.org","@graph":[{"@type":"WebPage","@id":"https:\/\/www.vendingbackup.com\/es\/","url":"https:\/\/www.vendingbackup.com\/es\/","name":"Inicio - VendingBackup Technologies","isPartOf":{"@id":"https:\/\/www.vendingbackup.com\/es\/#website"},"primaryImageOfPage":{"@id":"https:\/\/www.vendingbackup.com\/es\/#primaryimage"},"image":{"@id":"https:\/\/www.vendingbackup.com\/es\/#primaryimage"},"thumbnailUrl":"http:\/\/www.vendingbackup.com\/es\/wp-content\/uploads\/sites\/2\/2020\/05\/vendingbackup-informacion.png","datePublished":"2020-05-25T15:16:22+00:00","dateModified":"2020-05-31T06:18:21+00:00","breadcrumb":{"@id":"https:\/\/www.vendingbackup.com\/es\/#breadcrumb"},"inLanguage":"es","potentialAction":[{"@type":"ReadAction","target":["https:\/\/www.vendingbackup.com\/es\/"]}]},{"@type":"ImageObject","inLanguage":"es","@id":"https:\/\/www.vendingbackup.com\/es\/#primaryimage","url":"https:\/\/www.vendingbackup.com\/es\/wp-content\/uploads\/sites\/2\/2020\/05\/vendingbackup-informacion.png","contentUrl":"https:\/\/www.vendingbackup.com\/es\/wp-content\/uploads\/sites\/2\/2020\/05\/vendingbackup-informacion.png","width":48,"height":48},{"@type":"BreadcrumbList","@id":"https:\/\/www.vendingbackup.com\/es\/#breadcrumb","itemListElement":[{"@type":"ListItem","position":1,"name":"Home","item":"https:\/\/www.vendingbackup.com\/es\/"},{"@type":"ListItem","position":2,"name":"Inicio"}]},{"@type":"WebSite","@id":"https:\/\/www.vendingbackup.com\/es\/#website","url":"https:\/\/www.vendingbackup.com\/es\/","name":"VendingBackup Technologies","description":"Servicio inform\u00e1tico a empresas","publisher":{"@id":"https:\/\/www.vendingbackup.com\/es\/#organization"},"potentialAction":[{"@type":"SearchAction","target":{"@type":"EntryPoint","urlTemplate":"https:\/\/www.vendingbackup.com\/es\/?s={search_term_string}"},"query-input":{"@type":"PropertyValueSpecification","valueRequired":true,"valueName":"search_term_string"}}],"inLanguage":"es"},{"@type":"Organization","@id":"https:\/\/www.vendingbackup.com\/es\/#organization","name":"VendingBackup Technologies","url":"https:\/\/www.vendingbackup.com\/es\/","logo":{"@type":"ImageObject","inLanguage":"es","@id":"https:\/\/www.vendingbackup.com\/es\/#\/schema\/logo\/image\/","url":"https:\/\/www.vendingbackup.com\/es\/wp-content\/uploads\/sites\/2\/2020\/05\/vendingbackup-logo.jpg","contentUrl":"https:\/\/www.vendingbackup.com\/es\/wp-content\/uploads\/sites\/2\/2020\/05\/vendingbackup-logo.jpg","width":201,"height":36,"caption":"VendingBackup Technologies"},"image":{"@id":"https:\/\/www.vendingbackup.com\/es\/#\/schema\/logo\/image\/"}}]}},"_links":{"self":[{"href":"https:\/\/www.vendingbackup.com\/es\/wp-json\/wp\/v2\/pages\/41","targetHints":{"allow":["GET"]}}],"collection":[{"href":"https:\/\/www.vendingbackup.com\/es\/wp-json\/wp\/v2\/pages"}],"about":[{"href":"https:\/\/www.vendingbackup.com\/es\/wp-json\/wp\/v2\/types\/page"}],"author":[{"embeddable":true,"href":"https:\/\/www.vendingbackup.com\/es\/wp-json\/wp\/v2\/users\/1"}],"replies":[{"embeddable":true,"href":"https:\/\/www.vendingbackup.com\/es\/wp-json\/wp\/v2\/comments?post=41"}],"version-history":[{"count":225,"href":"https:\/\/www.vendingbackup.com\/es\/wp-json\/wp\/v2\/pages\/41\/revisions"}],"predecessor-version":[{"id":1105,"href":"https:\/\/www.vendingbackup.com\/es\/wp-json\/wp\/v2\/pages\/41\/revisions\/1105"}],"wp:attachment":[{"href":"https:\/\/www.vendingbackup.com\/es\/wp-json\/wp\/v2\/media?parent=41"}],"curies":[{"name":"wp","href":"https:\/\/api.w.org\/{rel}","templated":true}]}}