{"id":47,"date":"2020-05-25T17:17:23","date_gmt":"2020-05-25T15:17:23","guid":{"rendered":"http:\/\/www.vendingbackup.com\/es\/?page_id=47"},"modified":"2020-05-31T12:31:26","modified_gmt":"2020-05-31T10:31:26","slug":"politica-de-cookies","status":"publish","type":"page","link":"https:\/\/www.vendingbackup.com\/es\/politica-de-cookies\/","title":{"rendered":"Pol\u00edtica de cookies"},"content":{"rendered":"\t\t<div class=\"wppsac-wrap wppsac-slick-carousel-wrp wppsac-clearfix \" data-conf=\"{&quot;slides_to_show&quot;:3,&quot;slides_to_scroll&quot;:1,&quot;dots&quot;:&quot;true&quot;,&quot;arrows&quot;:&quot;true&quot;,&quot;autoplay&quot;:&quot;true&quot;,&quot;autoplay_interval&quot;:3000,&quot;speed&quot;:500,&quot;rtl&quot;:&quot;false&quot;,&quot;lazyload&quot;:&quot;&quot;}\">\r\n\t\t\t<div id=\"wppsac-post-carousel-1\" class=\"wppsac-post-slider-init wppsac-post-carousel design-1\">\r\n\t\t\t\t<div class=\"wppsac-carousel-slides\">\r\n\t\r\n\t<div class=\"wppsac-post-content-position\">\r\n\t\t\t\t<div class=\"wppsac-post-categories\"><ul class=\"wppsac-post-categories-list\"><li><a href=\"https:\/\/www.vendingbackup.com\/es\/category\/general\/\">General<\/a><\/li><\/ul><\/div>\r\n\t\t\r\n\t\t<h2 class=\"wppsac-post-title\">\r\n\t\t\t<a href=\"https:\/\/www.vendingbackup.com\/es\/2020\/06\/18\/la-importancia-de-las-copias-de-seguridad\/\">La importancia de las <strong>Copias de Seguridad<\/strong><\/a>\r\n\t\t<\/h2>\r\n\r\n\t\t\t\t<div class=\"wppsac-post-date\">\r\n\t\t\t\t\t\t<span>By adminuser<\/span>\r\n\t\t\t \/ 18 de junio de 2020\t\t<\/div>\r\n\t\t\t\t<div class=\"wppsac-post-content\">\r\n\t\t\t<div class=\"wppsac-sub-content\">La importancia de las copias de seguridad Todos sabemos que nada es inmutable, la informaci\u00f3n tampoco. \u00bfQu\u00e9 pasar\u00eda si perdi\u00e9ramos...<\/div>\r\n\r\n\t\t\t\t\t\t<a class=\"wppsac-readmorebtn\" href=\"https:\/\/www.vendingbackup.com\/es\/2020\/06\/18\/la-importancia-de-las-copias-de-seguridad\/\">Read More<\/a>\r\n\t\t\t\t\t<\/div>\r\n\t\t\t<\/div>\r\n<\/div><div class=\"wppsac-carousel-slides\">\r\n\t\r\n\t<div class=\"wppsac-post-content-position\">\r\n\t\t\t\t<div class=\"wppsac-post-categories\"><ul class=\"wppsac-post-categories-list\"><li><a href=\"https:\/\/www.vendingbackup.com\/es\/category\/general\/\">General<\/a><\/li><\/ul><\/div>\r\n\t\t\r\n\t\t<h2 class=\"wppsac-post-title\">\r\n\t\t\t<a href=\"https:\/\/www.vendingbackup.com\/es\/2020\/05\/25\/como-disenar-una-pagina-web\/\">Como dise\u00f1ar una p\u00e1gina <strong>Web<\/strong><\/a>\r\n\t\t<\/h2>\r\n\r\n\t\t\t\t<div class=\"wppsac-post-date\">\r\n\t\t\t\t\t\t<span>By adminuser<\/span>\r\n\t\t\t \/ 25 de mayo de 2020\t\t<\/div>\r\n\t\t\t\t<div class=\"wppsac-post-content\">\r\n\t\t\t<div class=\"wppsac-sub-content\">COMO DISE\u00d1AR UNA P\u00c1GINA WEB El hecho de la creaci\u00f3n de una p\u00e1gina web, no debe ser fruto de la...<\/div>\r\n\r\n\t\t\t\t\t\t<a class=\"wppsac-readmorebtn\" href=\"https:\/\/www.vendingbackup.com\/es\/2020\/05\/25\/como-disenar-una-pagina-web\/\">Read More<\/a>\r\n\t\t\t\t\t<\/div>\r\n\t\t\t<\/div>\r\n<\/div><div class=\"wppsac-carousel-slides\">\r\n\t\r\n\t<div class=\"wppsac-post-content-position\">\r\n\t\t\t\t<div class=\"wppsac-post-categories\"><ul class=\"wppsac-post-categories-list\"><li><a href=\"https:\/\/www.vendingbackup.com\/es\/category\/general\/\">General<\/a><\/li><\/ul><\/div>\r\n\t\t\r\n\t\t<h2 class=\"wppsac-post-title\">\r\n\t\t\t<a href=\"https:\/\/www.vendingbackup.com\/es\/2020\/05\/25\/migrar-de-visual-basic-6-a-net\/\">Migrar de <strong>Visual Basic 6<\/strong> a <strong>.NET<\/strong><\/a>\r\n\t\t<\/h2>\r\n\r\n\t\t\t\t<div class=\"wppsac-post-date\">\r\n\t\t\t\t\t\t<span>By adminuser<\/span>\r\n\t\t\t \/ 25 de mayo de 2020\t\t<\/div>\r\n\t\t\t\t<div class=\"wppsac-post-content\">\r\n\t\t\t<div class=\"wppsac-sub-content\">MIGRAR DE VISUAL BASIC 6 A .NET Debido a lo extendidas que est\u00e1n todab\u00eda las aplicaciones dise\u00f1adas en Visual Basic...<\/div>\r\n\r\n\t\t\t\t\t\t<a class=\"wppsac-readmorebtn\" href=\"https:\/\/www.vendingbackup.com\/es\/2020\/05\/25\/migrar-de-visual-basic-6-a-net\/\">Read More<\/a>\r\n\t\t\t\t\t<\/div>\r\n\t\t\t<\/div>\r\n<\/div>\t\t\t<\/div>\r\n\t\t<\/div>\r\n\t\n<div style=\"width: 100%; height: 1rem;\"><\/div>\n<div style=\"width: 70%;\">\n<div class=\"description-title\">\n<h2><strong>POL\u00cdTICA DE COOKIES<\/strong><\/h2>\n<\/div>\n<div style=\"width: 100%; height: 2rem;\"><\/div>\n<div class=\"page-main-text\">\n<h3>En <span style=\"color: #99c21c;\">Vendingbackup.com<\/span> usamos cookies.<br \/>Esta pol\u00edtica de cookies forma parte de los t\u00e9rminos de uso y la pol\u00edtica de privacidad de la web <span style=\"color: #99c21c;\">www.vendingbackup.com<\/span>.<br \/>Una cookie es un archivo de informaci\u00f3n que el servidor del sitio web de <span style=\"color: #99c21c;\">Vendingbackup.com<\/span> env\u00eda al dispositivo (ordenador, smartphone, tablet, etc.) de quien accede a la p\u00e1gina, para almacenar y recuperar informaci\u00f3n sobre la navegaci\u00f3n que se efect\u00faa desde dicho equipo.<\/h3>\n<div style=\"width: 100%; height: 2rem;\"><\/div>\n<h3>Tipos de cookies que utiliza <span style=\"color: #99c21c;\">Vendingbackup.com<\/span>:<\/h3>\n<h3 style=\"padding-left: 4rem;\"><strong>Cookies propias:<\/strong><br \/>Son aqu\u00e9llas que se instalan en el terminal del <strong>USUARIO<\/strong> desde la Web <span style=\"color: #99c21c;\">Vendingbackup.com<\/span>.<\/p>\n<p><strong>Cookies de sesi\u00f3n:<\/strong><br \/>Son un tipo de cookies dise\u00f1adas para recabar y almacenar datos mientras el <strong>USUARIO<\/strong> accede a una p\u00e1gina web.<br \/>Se suelen emplear para almacenar informaci\u00f3n que solo interesa conservar para la prestaci\u00f3n del servicio solicitado por el <strong>USUARIO<\/strong> en una sola ocasi\u00f3n.<\/p>\n<p><strong>Cookies persistentes:<\/strong><br \/>Son un tipo de cookies en el que los datos siguen almacenados en el terminal y pueden ser accedidos y tratados durante un periodo definido por el responsable de la cookie, y que puede ir de unos minutos a varios a\u00f1os.<\/p>\n<p><strong>Cookies de an\u00e1lisis:<\/strong><br \/>Son aqu\u00e9llas que bien tratadas por <span style=\"color: #99c21c;\">Vendingbackup.com<\/span> o por terceros, nos permiten realizar an\u00e1lisis estad\u00edsticos tales como n\u00famero de usuarios que entran en la Web o la utilizaci\u00f3n que hacen de la misma.<\/h3>\n<h3>Para ello analizamos la navegaci\u00f3n en la Web con el fin de mejorar la prestaci\u00f3n de los servicios que ofrecemos.<\/h3>\n<div style=\"width: 100%; height: 2rem;\"><\/div>\n<h3><strong>El USUARIO podr\u00e1 en cualquier momento elegir qu\u00e9 cookies quiere que funcionen en este sitio web<\/strong> mediante la configuraci\u00f3n del navegador, ver:<\/h3>\n<h3 style=\"padding-left: 4rem;\">Chrome, desde: http:\/\/support.google.com\/chrome\/bin\/answer.py?hl=es&#038;answer=95647<br \/>Explorer, en: http:\/\/windows.microsoft.com\/es-es\/windows7\/how-to-manage-cookies-in-internet-explorer-9<br \/>Firefox, en: http:\/\/support.mozilla.org\/es\/kb\/habilitar-y-deshabilitar-cookies-que-los-sitios-we<br \/>Safari, en: https:\/\/support.apple.com\/kb\/PH19214?viewlocale=es_ES&#038;locale=en_US<br \/>Opera, en: http:\/\/help.opera.com\/Windows\/11.50\/es-ES\/cookies.html<\/h3>\n<div style=\"width: 100%; height: 2rem;\"><\/div>\n<h3>Los navegadores web son las herramientas encargadas de almacenar las cookies y desde este lugar el <strong>USUARIO<\/strong> puede efectuar su derecho de eliminaci\u00f3n o desactivaci\u00f3n de las mismas.<br \/>Ni esta web ni sus representantes legales pueden garantizar la correcta o incorrecta manipulaci\u00f3n de las cookies por parte de los mencionados navegadores.<br \/>En algunos casos es necesario instalar cookies para que el navegador no olvide la decisi\u00f3n del <strong>USUARIO<\/strong> de no aceptaci\u00f3n de las mismas.<\/h3>\n<div style=\"width: 100%; height: 2rem;\"><\/div>\n<h3>La aceptaci\u00f3n de la presente pol\u00edtica de cookies implica que el <strong>USUARIO<\/strong> ha sido informado de una forma clara y completa sobre el uso de dispositivos de almacenamiento y recuperaci\u00f3n de datos (cookies) as\u00ed como que <span style=\"color: #99c21c;\">Vendingbackup.com<\/span> dispone del consentimiento del <strong>USUARIO<\/strong> para el uso de las mismas tal y como establece el art\u00edculo 22.2 de la Ley 34\/2002, de 11 de julio, de Servicios de la Sociedad de la Informaci\u00f3n y Comercio Electr\u00f3nico (LSSI-CE).<\/h3>\n<\/div>\n<div style=\"width: 100%; height: 4rem;\"><\/div>\n<div class=\"page-main-contact\">\n<h3>Para solicitudes de informaci\u00f3n adicional, dudas o asistencia, cont\u00e1ctenos en <a href=\"http:\/\/www.vendingbackup.com\/es\/contactar\/\"><span class=\"page-main-contact-corporative\">info@vendingbackup.com<\/span><\/a>. Estaremos encantados de ayudarlo.<\/h3>\n<\/div>\n<\/div>\n<div style=\"width: 100%; height: 2rem;\"><\/div>\n","protected":false},"excerpt":{"rendered":"<p>POL\u00cdTICA DE COOKIES En Vendingbackup.com usamos cookies.Esta pol\u00edtica de cookies forma parte de los t\u00e9rminos de uso y la pol\u00edtica de privacidad de la web www.vendingbackup.com.Una cookie es un archivo de informaci\u00f3n que el servidor del sitio web de Vendingbackup.com env\u00eda al dispositivo (ordenador, smartphone, tablet, etc.) de quien accede a la p\u00e1gina, para almacenar [&hellip;]<\/p>\n","protected":false},"author":1,"featured_media":0,"parent":0,"menu_order":0,"comment_status":"closed","ping_status":"closed","template":"","meta":{"footnotes":""},"class_list":["post-47","page","type-page","status-publish","hentry"],"yoast_head":"<!-- This site is optimized with the Yoast SEO plugin v23.9 - https:\/\/yoast.com\/wordpress\/plugins\/seo\/ -->\n<title>Pol\u00edtica de cookies - VendingBackup Technologies<\/title>\n<meta name=\"robots\" content=\"index, follow, max-snippet:-1, max-image-preview:large, max-video-preview:-1\" \/>\n<link rel=\"canonical\" href=\"https:\/\/www.vendingbackup.com\/es\/politica-de-cookies\/\" \/>\n<meta property=\"og:locale\" content=\"es_ES\" \/>\n<meta property=\"og:type\" content=\"article\" \/>\n<meta property=\"og:title\" content=\"Pol\u00edtica de cookies - VendingBackup Technologies\" \/>\n<meta property=\"og:description\" content=\"POL\u00cdTICA DE COOKIES En Vendingbackup.com usamos cookies.Esta pol\u00edtica de cookies forma parte de los t\u00e9rminos de uso y la pol\u00edtica de privacidad de la web www.vendingbackup.com.Una cookie es un archivo de informaci\u00f3n que el servidor del sitio web de Vendingbackup.com env\u00eda al dispositivo (ordenador, smartphone, tablet, etc.) de quien accede a la p\u00e1gina, para almacenar [&hellip;]\" \/>\n<meta property=\"og:url\" content=\"https:\/\/www.vendingbackup.com\/es\/politica-de-cookies\/\" \/>\n<meta property=\"og:site_name\" content=\"VendingBackup Technologies\" \/>\n<meta property=\"article:modified_time\" content=\"2020-05-31T10:31:26+00:00\" \/>\n<meta name=\"twitter:card\" content=\"summary_large_image\" \/>\n<meta name=\"twitter:label1\" content=\"Tiempo de lectura\" \/>\n\t<meta name=\"twitter:data1\" content=\"3 minutos\" \/>\n<script type=\"application\/ld+json\" class=\"yoast-schema-graph\">{\"@context\":\"https:\/\/schema.org\",\"@graph\":[{\"@type\":\"WebPage\",\"@id\":\"https:\/\/www.vendingbackup.com\/es\/politica-de-cookies\/\",\"url\":\"https:\/\/www.vendingbackup.com\/es\/politica-de-cookies\/\",\"name\":\"Pol\u00edtica de cookies - VendingBackup Technologies\",\"isPartOf\":{\"@id\":\"https:\/\/www.vendingbackup.com\/es\/#website\"},\"datePublished\":\"2020-05-25T15:17:23+00:00\",\"dateModified\":\"2020-05-31T10:31:26+00:00\",\"breadcrumb\":{\"@id\":\"https:\/\/www.vendingbackup.com\/es\/politica-de-cookies\/#breadcrumb\"},\"inLanguage\":\"es\",\"potentialAction\":[{\"@type\":\"ReadAction\",\"target\":[\"https:\/\/www.vendingbackup.com\/es\/politica-de-cookies\/\"]}]},{\"@type\":\"BreadcrumbList\",\"@id\":\"https:\/\/www.vendingbackup.com\/es\/politica-de-cookies\/#breadcrumb\",\"itemListElement\":[{\"@type\":\"ListItem\",\"position\":1,\"name\":\"Home\",\"item\":\"https:\/\/www.vendingbackup.com\/es\/\"},{\"@type\":\"ListItem\",\"position\":2,\"name\":\"Pol\u00edtica de cookies\"}]},{\"@type\":\"WebSite\",\"@id\":\"https:\/\/www.vendingbackup.com\/es\/#website\",\"url\":\"https:\/\/www.vendingbackup.com\/es\/\",\"name\":\"VendingBackup Technologies\",\"description\":\"Servicio inform\u00e1tico a empresas\",\"publisher\":{\"@id\":\"https:\/\/www.vendingbackup.com\/es\/#organization\"},\"potentialAction\":[{\"@type\":\"SearchAction\",\"target\":{\"@type\":\"EntryPoint\",\"urlTemplate\":\"https:\/\/www.vendingbackup.com\/es\/?s={search_term_string}\"},\"query-input\":{\"@type\":\"PropertyValueSpecification\",\"valueRequired\":true,\"valueName\":\"search_term_string\"}}],\"inLanguage\":\"es\"},{\"@type\":\"Organization\",\"@id\":\"https:\/\/www.vendingbackup.com\/es\/#organization\",\"name\":\"VendingBackup Technologies\",\"url\":\"https:\/\/www.vendingbackup.com\/es\/\",\"logo\":{\"@type\":\"ImageObject\",\"inLanguage\":\"es\",\"@id\":\"https:\/\/www.vendingbackup.com\/es\/#\/schema\/logo\/image\/\",\"url\":\"https:\/\/www.vendingbackup.com\/es\/wp-content\/uploads\/sites\/2\/2020\/05\/vendingbackup-logo.jpg\",\"contentUrl\":\"https:\/\/www.vendingbackup.com\/es\/wp-content\/uploads\/sites\/2\/2020\/05\/vendingbackup-logo.jpg\",\"width\":201,\"height\":36,\"caption\":\"VendingBackup Technologies\"},\"image\":{\"@id\":\"https:\/\/www.vendingbackup.com\/es\/#\/schema\/logo\/image\/\"}}]}<\/script>\n<!-- \/ Yoast SEO plugin. -->","yoast_head_json":{"title":"Pol\u00edtica de cookies - VendingBackup Technologies","robots":{"index":"index","follow":"follow","max-snippet":"max-snippet:-1","max-image-preview":"max-image-preview:large","max-video-preview":"max-video-preview:-1"},"canonical":"https:\/\/www.vendingbackup.com\/es\/politica-de-cookies\/","og_locale":"es_ES","og_type":"article","og_title":"Pol\u00edtica de cookies - VendingBackup Technologies","og_description":"POL\u00cdTICA DE COOKIES En Vendingbackup.com usamos cookies.Esta pol\u00edtica de cookies forma parte de los t\u00e9rminos de uso y la pol\u00edtica de privacidad de la web www.vendingbackup.com.Una cookie es un archivo de informaci\u00f3n que el servidor del sitio web de Vendingbackup.com env\u00eda al dispositivo (ordenador, smartphone, tablet, etc.) de quien accede a la p\u00e1gina, para almacenar [&hellip;]","og_url":"https:\/\/www.vendingbackup.com\/es\/politica-de-cookies\/","og_site_name":"VendingBackup Technologies","article_modified_time":"2020-05-31T10:31:26+00:00","twitter_card":"summary_large_image","twitter_misc":{"Tiempo de lectura":"3 minutos"},"schema":{"@context":"https:\/\/schema.org","@graph":[{"@type":"WebPage","@id":"https:\/\/www.vendingbackup.com\/es\/politica-de-cookies\/","url":"https:\/\/www.vendingbackup.com\/es\/politica-de-cookies\/","name":"Pol\u00edtica de cookies - VendingBackup Technologies","isPartOf":{"@id":"https:\/\/www.vendingbackup.com\/es\/#website"},"datePublished":"2020-05-25T15:17:23+00:00","dateModified":"2020-05-31T10:31:26+00:00","breadcrumb":{"@id":"https:\/\/www.vendingbackup.com\/es\/politica-de-cookies\/#breadcrumb"},"inLanguage":"es","potentialAction":[{"@type":"ReadAction","target":["https:\/\/www.vendingbackup.com\/es\/politica-de-cookies\/"]}]},{"@type":"BreadcrumbList","@id":"https:\/\/www.vendingbackup.com\/es\/politica-de-cookies\/#breadcrumb","itemListElement":[{"@type":"ListItem","position":1,"name":"Home","item":"https:\/\/www.vendingbackup.com\/es\/"},{"@type":"ListItem","position":2,"name":"Pol\u00edtica de cookies"}]},{"@type":"WebSite","@id":"https:\/\/www.vendingbackup.com\/es\/#website","url":"https:\/\/www.vendingbackup.com\/es\/","name":"VendingBackup Technologies","description":"Servicio inform\u00e1tico a empresas","publisher":{"@id":"https:\/\/www.vendingbackup.com\/es\/#organization"},"potentialAction":[{"@type":"SearchAction","target":{"@type":"EntryPoint","urlTemplate":"https:\/\/www.vendingbackup.com\/es\/?s={search_term_string}"},"query-input":{"@type":"PropertyValueSpecification","valueRequired":true,"valueName":"search_term_string"}}],"inLanguage":"es"},{"@type":"Organization","@id":"https:\/\/www.vendingbackup.com\/es\/#organization","name":"VendingBackup Technologies","url":"https:\/\/www.vendingbackup.com\/es\/","logo":{"@type":"ImageObject","inLanguage":"es","@id":"https:\/\/www.vendingbackup.com\/es\/#\/schema\/logo\/image\/","url":"https:\/\/www.vendingbackup.com\/es\/wp-content\/uploads\/sites\/2\/2020\/05\/vendingbackup-logo.jpg","contentUrl":"https:\/\/www.vendingbackup.com\/es\/wp-content\/uploads\/sites\/2\/2020\/05\/vendingbackup-logo.jpg","width":201,"height":36,"caption":"VendingBackup Technologies"},"image":{"@id":"https:\/\/www.vendingbackup.com\/es\/#\/schema\/logo\/image\/"}}]}},"_links":{"self":[{"href":"https:\/\/www.vendingbackup.com\/es\/wp-json\/wp\/v2\/pages\/47","targetHints":{"allow":["GET"]}}],"collection":[{"href":"https:\/\/www.vendingbackup.com\/es\/wp-json\/wp\/v2\/pages"}],"about":[{"href":"https:\/\/www.vendingbackup.com\/es\/wp-json\/wp\/v2\/types\/page"}],"author":[{"embeddable":true,"href":"https:\/\/www.vendingbackup.com\/es\/wp-json\/wp\/v2\/users\/1"}],"replies":[{"embeddable":true,"href":"https:\/\/www.vendingbackup.com\/es\/wp-json\/wp\/v2\/comments?post=47"}],"version-history":[{"count":18,"href":"https:\/\/www.vendingbackup.com\/es\/wp-json\/wp\/v2\/pages\/47\/revisions"}],"predecessor-version":[{"id":1282,"href":"https:\/\/www.vendingbackup.com\/es\/wp-json\/wp\/v2\/pages\/47\/revisions\/1282"}],"wp:attachment":[{"href":"https:\/\/www.vendingbackup.com\/es\/wp-json\/wp\/v2\/media?parent=47"}],"curies":[{"name":"wp","href":"https:\/\/api.w.org\/{rel}","templated":true}]}}