{"id":51,"date":"2020-05-25T17:18:13","date_gmt":"2020-05-25T15:18:13","guid":{"rendered":"http:\/\/www.vendingbackup.com\/es\/?page_id=51"},"modified":"2020-05-31T10:29:06","modified_gmt":"2020-05-31T08:29:06","slug":"prestashop","status":"publish","type":"page","link":"https:\/\/www.vendingbackup.com\/es\/prestashop\/","title":{"rendered":"Prestashop"},"content":{"rendered":"\t\t<div class=\"wppsac-wrap wppsac-slick-carousel-wrp wppsac-clearfix \" data-conf=\"{&quot;slides_to_show&quot;:3,&quot;slides_to_scroll&quot;:1,&quot;dots&quot;:&quot;true&quot;,&quot;arrows&quot;:&quot;true&quot;,&quot;autoplay&quot;:&quot;true&quot;,&quot;autoplay_interval&quot;:3000,&quot;speed&quot;:500,&quot;rtl&quot;:&quot;false&quot;,&quot;lazyload&quot;:&quot;&quot;}\">\r\n\t\t\t<div id=\"wppsac-post-carousel-1\" class=\"wppsac-post-slider-init wppsac-post-carousel design-1\">\r\n\t\t\t\t<div class=\"wppsac-carousel-slides\">\r\n\t\r\n\t<div class=\"wppsac-post-content-position\">\r\n\t\t\t\t<div class=\"wppsac-post-categories\"><ul class=\"wppsac-post-categories-list\"><li><a href=\"https:\/\/www.vendingbackup.com\/es\/category\/general\/\">General<\/a><\/li><\/ul><\/div>\r\n\t\t\r\n\t\t<h2 class=\"wppsac-post-title\">\r\n\t\t\t<a href=\"https:\/\/www.vendingbackup.com\/es\/2020\/06\/18\/la-importancia-de-las-copias-de-seguridad\/\">La importancia de las <strong>Copias de Seguridad<\/strong><\/a>\r\n\t\t<\/h2>\r\n\r\n\t\t\t\t<div class=\"wppsac-post-date\">\r\n\t\t\t\t\t\t<span>By adminuser<\/span>\r\n\t\t\t \/ 18 de junio de 2020\t\t<\/div>\r\n\t\t\t\t<div class=\"wppsac-post-content\">\r\n\t\t\t<div class=\"wppsac-sub-content\">La importancia de las copias de seguridad Todos sabemos que nada es inmutable, la informaci\u00f3n tampoco. \u00bfQu\u00e9 pasar\u00eda si perdi\u00e9ramos...<\/div>\r\n\r\n\t\t\t\t\t\t<a class=\"wppsac-readmorebtn\" href=\"https:\/\/www.vendingbackup.com\/es\/2020\/06\/18\/la-importancia-de-las-copias-de-seguridad\/\">Read More<\/a>\r\n\t\t\t\t\t<\/div>\r\n\t\t\t<\/div>\r\n<\/div><div class=\"wppsac-carousel-slides\">\r\n\t\r\n\t<div class=\"wppsac-post-content-position\">\r\n\t\t\t\t<div class=\"wppsac-post-categories\"><ul class=\"wppsac-post-categories-list\"><li><a href=\"https:\/\/www.vendingbackup.com\/es\/category\/general\/\">General<\/a><\/li><\/ul><\/div>\r\n\t\t\r\n\t\t<h2 class=\"wppsac-post-title\">\r\n\t\t\t<a href=\"https:\/\/www.vendingbackup.com\/es\/2020\/05\/25\/como-disenar-una-pagina-web\/\">Como dise\u00f1ar una p\u00e1gina <strong>Web<\/strong><\/a>\r\n\t\t<\/h2>\r\n\r\n\t\t\t\t<div class=\"wppsac-post-date\">\r\n\t\t\t\t\t\t<span>By adminuser<\/span>\r\n\t\t\t \/ 25 de mayo de 2020\t\t<\/div>\r\n\t\t\t\t<div class=\"wppsac-post-content\">\r\n\t\t\t<div class=\"wppsac-sub-content\">COMO DISE\u00d1AR UNA P\u00c1GINA WEB El hecho de la creaci\u00f3n de una p\u00e1gina web, no debe ser fruto de la...<\/div>\r\n\r\n\t\t\t\t\t\t<a class=\"wppsac-readmorebtn\" href=\"https:\/\/www.vendingbackup.com\/es\/2020\/05\/25\/como-disenar-una-pagina-web\/\">Read More<\/a>\r\n\t\t\t\t\t<\/div>\r\n\t\t\t<\/div>\r\n<\/div><div class=\"wppsac-carousel-slides\">\r\n\t\r\n\t<div class=\"wppsac-post-content-position\">\r\n\t\t\t\t<div class=\"wppsac-post-categories\"><ul class=\"wppsac-post-categories-list\"><li><a href=\"https:\/\/www.vendingbackup.com\/es\/category\/general\/\">General<\/a><\/li><\/ul><\/div>\r\n\t\t\r\n\t\t<h2 class=\"wppsac-post-title\">\r\n\t\t\t<a href=\"https:\/\/www.vendingbackup.com\/es\/2020\/05\/25\/migrar-de-visual-basic-6-a-net\/\">Migrar de <strong>Visual Basic 6<\/strong> a <strong>.NET<\/strong><\/a>\r\n\t\t<\/h2>\r\n\r\n\t\t\t\t<div class=\"wppsac-post-date\">\r\n\t\t\t\t\t\t<span>By adminuser<\/span>\r\n\t\t\t \/ 25 de mayo de 2020\t\t<\/div>\r\n\t\t\t\t<div class=\"wppsac-post-content\">\r\n\t\t\t<div class=\"wppsac-sub-content\">MIGRAR DE VISUAL BASIC 6 A .NET Debido a lo extendidas que est\u00e1n todab\u00eda las aplicaciones dise\u00f1adas en Visual Basic...<\/div>\r\n\r\n\t\t\t\t\t\t<a class=\"wppsac-readmorebtn\" href=\"https:\/\/www.vendingbackup.com\/es\/2020\/05\/25\/migrar-de-visual-basic-6-a-net\/\">Read More<\/a>\r\n\t\t\t\t\t<\/div>\r\n\t\t\t<\/div>\r\n<\/div>\t\t\t<\/div>\r\n\t\t<\/div>\r\n\t\n<div style=\"width: 100%; height: 1rem;\"><\/div>\n<div style=\"width: 70%;\">\n<div class=\"description-title\">\n<h2><strong>PRESTASHOP<\/strong><\/h2>\n<\/div>\n<div style=\"width: 100%; height: 2rem;\"><\/div>\n<div class=\"page-main-object\">\n<div class=\"page-main-object-left\">\n<img decoding=\"async\" style=\"width: 70%; margin: 0rem auto 0rem auto;\" src=\"http:\/\/www.vendingbackup.com\/es\/wp-content\/uploads\/sites\/2\/2020\/05\/prestashop-mujer.jpg\" alt=\"dise\u00f1o de tiendas online prestashop\" \/>\n<\/div>\n<div class=\"page-main-object-right\">\n<div style=\"width: 100%; height: 4rem;\"><\/div>\n<h3 style=\"margin: 0rem 0rem 0rem 1rem !important; line-height: 1.8;\">Es visible y auditable el vertiginoso aumento del comercio online, este crecimiento tan r\u00e1pido ha generado una urgencia a los negocios de venta en general y comercios tradicionales de posionarse en la venta <strong>e-commerce<\/strong>. Paralelamente a este crecimiento y debido a sus buenas funcionalidades para el comercio electr\u00f3nico ha crecido <strong>Prestashop<\/strong> como una de las plataformas <strong>CMS<\/strong> m\u00e1s difundidas para el e-commerce tanto por el n\u00famero de tiendas online implementadas, su facilidad de uso y por su ampliaci\u00f3n mediante m\u00f3dulos.<br \/>No ajenos a ello, ya desde hace varios a\u00f1os, instalamos, mantenemos y modificamos tiendas <strong>Prestashop<\/strong>, mediante un servicio personalizado a cada necesidad mediante tecnolog\u00edas como: <strong>Prestashop, PHP, HTML5, CSS, Javascript.<\/h3>\n<div style=\"width: 100%; height: 4rem;\"><\/div>\n<h3>\n<ul style=\"background-color: #99c21c;\">\n<li>Desarrollo del proyecto e Instalaci\u00f3n<\/li>\n<li>Mantenimiento del <strong>CMS<\/strong><\/li>\n<li>Modificaci\u00f3n de m\u00f3dulos<\/li>\n<li>Adaptaci\u00f3n gr\u00e1fica a cada cliente o necesidad<\/li>\n<li>M\u00f3dulos de importaci\u00f3n o exportaci\u00f3n a <strong>Prestashop<\/strong><\/li>\n<li>Formaci\u00f3n de usuarios y\/o administradores<\/li>\n<li>Exportaci\u00f3n a marketplace<\/li>\n<li>Pasarelas de pago<\/li>\n<li>Configuraci\u00f3n de env\u00edos<\/li>\n<\/ul>\n<\/h3>\n<\/div>\n<\/div>\n<div style=\"width: 100%; height: 2rem;\"><\/div>\n<div class=\"page-main-object2\">\n<div class=\"page-main-object2-left\">\n<h3 style=\"margin: 0rem 0rem 0rem 1rem !important; line-height: 1.8;\">No solo el <strong>e-commerce<\/strong> est\u00e1 prosperando vertiginosamente, modelos de negocio asociados al <strong>e-commerce<\/strong>, nuevas y novedosas formas de pago o el desarrollo de nuevos m\u00e9todos log\u00edsticos como el <strong>Dropshiping<\/strong>. Todo un conjunto de nuevos m\u00e9todos, sistemas y modelos de gesti\u00f3n que necesitan un buen asesoramiento para llevar a cabo un proyecto de este tipo y lograr alcanzar el mejor resultado posible en un tiempo razonable, <strong>todo ello dise\u00f1ado mano a mano con el cliente, seg\u00fan sus voluntades y necesidades<\/strong>.<\/h3>\n<\/div>\n<div class=\"page-main-object2-right\"><img decoding=\"async\" style=\"width: 70%; margin: 0rem auto 0rem auto;\" src=\"http:\/\/www.vendingbackup.com\/es\/wp-content\/uploads\/sites\/2\/2020\/05\/prestashop-ofertas.jpg\" alt=\"prestashop ofertas\" \/><\/div>\n<\/div>\n<div style=\"width: 100%; height: 4rem;\"><\/div>\n<div class=\"page-main-contact\">\n<h3>Para solicitudes de informaci\u00f3n adicional, dudas o asistencia, cont\u00e1ctenos en <a href=\"http:\/\/www.vendingbackup.com\/es\/contactar\/\"><span class=\"page-main-contact-corporative\">info@vendingbackup.com<\/span><\/a>. Estaremos encantados de ayudarlo.<\/h3>\n<\/div>\n<div style=\"width: 100%; height: 2rem;\"><\/div>\n","protected":false},"excerpt":{"rendered":"<p>PRESTASHOP Es visible y auditable el vertiginoso aumento del comercio online, este crecimiento tan r\u00e1pido ha generado una urgencia a los negocios de venta en general y comercios tradicionales de posionarse en la venta e-commerce. Paralelamente a este crecimiento y debido a sus buenas funcionalidades para el comercio electr\u00f3nico ha crecido Prestashop como una de [&hellip;]<\/p>\n","protected":false},"author":1,"featured_media":0,"parent":0,"menu_order":0,"comment_status":"closed","ping_status":"closed","template":"","meta":{"footnotes":""},"class_list":["post-51","page","type-page","status-publish","hentry"],"yoast_head":"<!-- This site is optimized with the Yoast SEO plugin v23.9 - https:\/\/yoast.com\/wordpress\/plugins\/seo\/ -->\n<title>Prestashop - VendingBackup Technologies<\/title>\n<meta name=\"robots\" content=\"index, follow, max-snippet:-1, max-image-preview:large, max-video-preview:-1\" \/>\n<link rel=\"canonical\" href=\"https:\/\/www.vendingbackup.com\/es\/prestashop\/\" \/>\n<meta property=\"og:locale\" content=\"es_ES\" \/>\n<meta property=\"og:type\" content=\"article\" \/>\n<meta property=\"og:title\" content=\"Prestashop - VendingBackup Technologies\" \/>\n<meta property=\"og:description\" content=\"PRESTASHOP Es visible y auditable el vertiginoso aumento del comercio online, este crecimiento tan r\u00e1pido ha generado una urgencia a los negocios de venta en general y comercios tradicionales de posionarse en la venta e-commerce. Paralelamente a este crecimiento y debido a sus buenas funcionalidades para el comercio electr\u00f3nico ha crecido Prestashop como una de [&hellip;]\" \/>\n<meta property=\"og:url\" content=\"https:\/\/www.vendingbackup.com\/es\/prestashop\/\" \/>\n<meta property=\"og:site_name\" content=\"VendingBackup Technologies\" \/>\n<meta property=\"article:modified_time\" content=\"2020-05-31T08:29:06+00:00\" \/>\n<meta property=\"og:image\" content=\"http:\/\/www.vendingbackup.com\/es\/wp-content\/uploads\/sites\/2\/2020\/05\/prestashop-mujer.jpg\" \/>\n<meta name=\"twitter:card\" content=\"summary_large_image\" \/>\n<meta name=\"twitter:label1\" content=\"Tiempo de lectura\" \/>\n\t<meta name=\"twitter:data1\" content=\"1 minuto\" \/>\n<script type=\"application\/ld+json\" class=\"yoast-schema-graph\">{\"@context\":\"https:\/\/schema.org\",\"@graph\":[{\"@type\":\"WebPage\",\"@id\":\"https:\/\/www.vendingbackup.com\/es\/prestashop\/\",\"url\":\"https:\/\/www.vendingbackup.com\/es\/prestashop\/\",\"name\":\"Prestashop - VendingBackup Technologies\",\"isPartOf\":{\"@id\":\"https:\/\/www.vendingbackup.com\/es\/#website\"},\"primaryImageOfPage\":{\"@id\":\"https:\/\/www.vendingbackup.com\/es\/prestashop\/#primaryimage\"},\"image\":{\"@id\":\"https:\/\/www.vendingbackup.com\/es\/prestashop\/#primaryimage\"},\"thumbnailUrl\":\"http:\/\/www.vendingbackup.com\/es\/wp-content\/uploads\/sites\/2\/2020\/05\/prestashop-mujer.jpg\",\"datePublished\":\"2020-05-25T15:18:13+00:00\",\"dateModified\":\"2020-05-31T08:29:06+00:00\",\"breadcrumb\":{\"@id\":\"https:\/\/www.vendingbackup.com\/es\/prestashop\/#breadcrumb\"},\"inLanguage\":\"es\",\"potentialAction\":[{\"@type\":\"ReadAction\",\"target\":[\"https:\/\/www.vendingbackup.com\/es\/prestashop\/\"]}]},{\"@type\":\"ImageObject\",\"inLanguage\":\"es\",\"@id\":\"https:\/\/www.vendingbackup.com\/es\/prestashop\/#primaryimage\",\"url\":\"https:\/\/www.vendingbackup.com\/es\/wp-content\/uploads\/sites\/2\/2020\/05\/prestashop-mujer.jpg\",\"contentUrl\":\"https:\/\/www.vendingbackup.com\/es\/wp-content\/uploads\/sites\/2\/2020\/05\/prestashop-mujer.jpg\",\"width\":300,\"height\":450},{\"@type\":\"BreadcrumbList\",\"@id\":\"https:\/\/www.vendingbackup.com\/es\/prestashop\/#breadcrumb\",\"itemListElement\":[{\"@type\":\"ListItem\",\"position\":1,\"name\":\"Home\",\"item\":\"https:\/\/www.vendingbackup.com\/es\/\"},{\"@type\":\"ListItem\",\"position\":2,\"name\":\"Prestashop\"}]},{\"@type\":\"WebSite\",\"@id\":\"https:\/\/www.vendingbackup.com\/es\/#website\",\"url\":\"https:\/\/www.vendingbackup.com\/es\/\",\"name\":\"VendingBackup Technologies\",\"description\":\"Servicio inform\u00e1tico a empresas\",\"publisher\":{\"@id\":\"https:\/\/www.vendingbackup.com\/es\/#organization\"},\"potentialAction\":[{\"@type\":\"SearchAction\",\"target\":{\"@type\":\"EntryPoint\",\"urlTemplate\":\"https:\/\/www.vendingbackup.com\/es\/?s={search_term_string}\"},\"query-input\":{\"@type\":\"PropertyValueSpecification\",\"valueRequired\":true,\"valueName\":\"search_term_string\"}}],\"inLanguage\":\"es\"},{\"@type\":\"Organization\",\"@id\":\"https:\/\/www.vendingbackup.com\/es\/#organization\",\"name\":\"VendingBackup Technologies\",\"url\":\"https:\/\/www.vendingbackup.com\/es\/\",\"logo\":{\"@type\":\"ImageObject\",\"inLanguage\":\"es\",\"@id\":\"https:\/\/www.vendingbackup.com\/es\/#\/schema\/logo\/image\/\",\"url\":\"https:\/\/www.vendingbackup.com\/es\/wp-content\/uploads\/sites\/2\/2020\/05\/vendingbackup-logo.jpg\",\"contentUrl\":\"https:\/\/www.vendingbackup.com\/es\/wp-content\/uploads\/sites\/2\/2020\/05\/vendingbackup-logo.jpg\",\"width\":201,\"height\":36,\"caption\":\"VendingBackup Technologies\"},\"image\":{\"@id\":\"https:\/\/www.vendingbackup.com\/es\/#\/schema\/logo\/image\/\"}}]}<\/script>\n<!-- \/ Yoast SEO plugin. -->","yoast_head_json":{"title":"Prestashop - VendingBackup Technologies","robots":{"index":"index","follow":"follow","max-snippet":"max-snippet:-1","max-image-preview":"max-image-preview:large","max-video-preview":"max-video-preview:-1"},"canonical":"https:\/\/www.vendingbackup.com\/es\/prestashop\/","og_locale":"es_ES","og_type":"article","og_title":"Prestashop - VendingBackup Technologies","og_description":"PRESTASHOP Es visible y auditable el vertiginoso aumento del comercio online, este crecimiento tan r\u00e1pido ha generado una urgencia a los negocios de venta en general y comercios tradicionales de posionarse en la venta e-commerce. Paralelamente a este crecimiento y debido a sus buenas funcionalidades para el comercio electr\u00f3nico ha crecido Prestashop como una de [&hellip;]","og_url":"https:\/\/www.vendingbackup.com\/es\/prestashop\/","og_site_name":"VendingBackup Technologies","article_modified_time":"2020-05-31T08:29:06+00:00","og_image":[{"url":"http:\/\/www.vendingbackup.com\/es\/wp-content\/uploads\/sites\/2\/2020\/05\/prestashop-mujer.jpg"}],"twitter_card":"summary_large_image","twitter_misc":{"Tiempo de lectura":"1 minuto"},"schema":{"@context":"https:\/\/schema.org","@graph":[{"@type":"WebPage","@id":"https:\/\/www.vendingbackup.com\/es\/prestashop\/","url":"https:\/\/www.vendingbackup.com\/es\/prestashop\/","name":"Prestashop - VendingBackup Technologies","isPartOf":{"@id":"https:\/\/www.vendingbackup.com\/es\/#website"},"primaryImageOfPage":{"@id":"https:\/\/www.vendingbackup.com\/es\/prestashop\/#primaryimage"},"image":{"@id":"https:\/\/www.vendingbackup.com\/es\/prestashop\/#primaryimage"},"thumbnailUrl":"http:\/\/www.vendingbackup.com\/es\/wp-content\/uploads\/sites\/2\/2020\/05\/prestashop-mujer.jpg","datePublished":"2020-05-25T15:18:13+00:00","dateModified":"2020-05-31T08:29:06+00:00","breadcrumb":{"@id":"https:\/\/www.vendingbackup.com\/es\/prestashop\/#breadcrumb"},"inLanguage":"es","potentialAction":[{"@type":"ReadAction","target":["https:\/\/www.vendingbackup.com\/es\/prestashop\/"]}]},{"@type":"ImageObject","inLanguage":"es","@id":"https:\/\/www.vendingbackup.com\/es\/prestashop\/#primaryimage","url":"https:\/\/www.vendingbackup.com\/es\/wp-content\/uploads\/sites\/2\/2020\/05\/prestashop-mujer.jpg","contentUrl":"https:\/\/www.vendingbackup.com\/es\/wp-content\/uploads\/sites\/2\/2020\/05\/prestashop-mujer.jpg","width":300,"height":450},{"@type":"BreadcrumbList","@id":"https:\/\/www.vendingbackup.com\/es\/prestashop\/#breadcrumb","itemListElement":[{"@type":"ListItem","position":1,"name":"Home","item":"https:\/\/www.vendingbackup.com\/es\/"},{"@type":"ListItem","position":2,"name":"Prestashop"}]},{"@type":"WebSite","@id":"https:\/\/www.vendingbackup.com\/es\/#website","url":"https:\/\/www.vendingbackup.com\/es\/","name":"VendingBackup Technologies","description":"Servicio inform\u00e1tico a empresas","publisher":{"@id":"https:\/\/www.vendingbackup.com\/es\/#organization"},"potentialAction":[{"@type":"SearchAction","target":{"@type":"EntryPoint","urlTemplate":"https:\/\/www.vendingbackup.com\/es\/?s={search_term_string}"},"query-input":{"@type":"PropertyValueSpecification","valueRequired":true,"valueName":"search_term_string"}}],"inLanguage":"es"},{"@type":"Organization","@id":"https:\/\/www.vendingbackup.com\/es\/#organization","name":"VendingBackup Technologies","url":"https:\/\/www.vendingbackup.com\/es\/","logo":{"@type":"ImageObject","inLanguage":"es","@id":"https:\/\/www.vendingbackup.com\/es\/#\/schema\/logo\/image\/","url":"https:\/\/www.vendingbackup.com\/es\/wp-content\/uploads\/sites\/2\/2020\/05\/vendingbackup-logo.jpg","contentUrl":"https:\/\/www.vendingbackup.com\/es\/wp-content\/uploads\/sites\/2\/2020\/05\/vendingbackup-logo.jpg","width":201,"height":36,"caption":"VendingBackup Technologies"},"image":{"@id":"https:\/\/www.vendingbackup.com\/es\/#\/schema\/logo\/image\/"}}]}},"_links":{"self":[{"href":"https:\/\/www.vendingbackup.com\/es\/wp-json\/wp\/v2\/pages\/51","targetHints":{"allow":["GET"]}}],"collection":[{"href":"https:\/\/www.vendingbackup.com\/es\/wp-json\/wp\/v2\/pages"}],"about":[{"href":"https:\/\/www.vendingbackup.com\/es\/wp-json\/wp\/v2\/types\/page"}],"author":[{"embeddable":true,"href":"https:\/\/www.vendingbackup.com\/es\/wp-json\/wp\/v2\/users\/1"}],"replies":[{"embeddable":true,"href":"https:\/\/www.vendingbackup.com\/es\/wp-json\/wp\/v2\/comments?post=51"}],"version-history":[{"count":27,"href":"https:\/\/www.vendingbackup.com\/es\/wp-json\/wp\/v2\/pages\/51\/revisions"}],"predecessor-version":[{"id":1162,"href":"https:\/\/www.vendingbackup.com\/es\/wp-json\/wp\/v2\/pages\/51\/revisions\/1162"}],"wp:attachment":[{"href":"https:\/\/www.vendingbackup.com\/es\/wp-json\/wp\/v2\/media?parent=51"}],"curies":[{"name":"wp","href":"https:\/\/api.w.org\/{rel}","templated":true}]}}