{"id":53,"date":"2020-05-25T17:18:38","date_gmt":"2020-05-25T15:18:38","guid":{"rendered":"http:\/\/www.vendingbackup.com\/es\/?page_id=53"},"modified":"2020-05-31T08:15:54","modified_gmt":"2020-05-31T06:15:54","slug":"servicios","status":"publish","type":"page","link":"https:\/\/www.vendingbackup.com\/es\/servicios\/","title":{"rendered":"Servicios"},"content":{"rendered":"\t\t<div class=\"wppsac-wrap wppsac-slick-carousel-wrp wppsac-clearfix \" data-conf=\"{&quot;slides_to_show&quot;:3,&quot;slides_to_scroll&quot;:1,&quot;dots&quot;:&quot;true&quot;,&quot;arrows&quot;:&quot;true&quot;,&quot;autoplay&quot;:&quot;true&quot;,&quot;autoplay_interval&quot;:3000,&quot;speed&quot;:500,&quot;rtl&quot;:&quot;false&quot;,&quot;lazyload&quot;:&quot;&quot;}\">\r\n\t\t\t<div id=\"wppsac-post-carousel-1\" class=\"wppsac-post-slider-init wppsac-post-carousel design-1\">\r\n\t\t\t\t<div class=\"wppsac-carousel-slides\">\r\n\t\r\n\t<div class=\"wppsac-post-content-position\">\r\n\t\t\t\t<div class=\"wppsac-post-categories\"><ul class=\"wppsac-post-categories-list\"><li><a href=\"https:\/\/www.vendingbackup.com\/es\/category\/general\/\">General<\/a><\/li><\/ul><\/div>\r\n\t\t\r\n\t\t<h2 class=\"wppsac-post-title\">\r\n\t\t\t<a href=\"https:\/\/www.vendingbackup.com\/es\/2020\/06\/18\/la-importancia-de-las-copias-de-seguridad\/\">La importancia de las <strong>Copias de Seguridad<\/strong><\/a>\r\n\t\t<\/h2>\r\n\r\n\t\t\t\t<div class=\"wppsac-post-date\">\r\n\t\t\t\t\t\t<span>By adminuser<\/span>\r\n\t\t\t \/ 18 de junio de 2020\t\t<\/div>\r\n\t\t\t\t<div class=\"wppsac-post-content\">\r\n\t\t\t<div class=\"wppsac-sub-content\">La importancia de las copias de seguridad Todos sabemos que nada es inmutable, la informaci\u00f3n tampoco. \u00bfQu\u00e9 pasar\u00eda si perdi\u00e9ramos...<\/div>\r\n\r\n\t\t\t\t\t\t<a class=\"wppsac-readmorebtn\" href=\"https:\/\/www.vendingbackup.com\/es\/2020\/06\/18\/la-importancia-de-las-copias-de-seguridad\/\">Read More<\/a>\r\n\t\t\t\t\t<\/div>\r\n\t\t\t<\/div>\r\n<\/div><div class=\"wppsac-carousel-slides\">\r\n\t\r\n\t<div class=\"wppsac-post-content-position\">\r\n\t\t\t\t<div class=\"wppsac-post-categories\"><ul class=\"wppsac-post-categories-list\"><li><a href=\"https:\/\/www.vendingbackup.com\/es\/category\/general\/\">General<\/a><\/li><\/ul><\/div>\r\n\t\t\r\n\t\t<h2 class=\"wppsac-post-title\">\r\n\t\t\t<a href=\"https:\/\/www.vendingbackup.com\/es\/2020\/05\/25\/como-disenar-una-pagina-web\/\">Como dise\u00f1ar una p\u00e1gina <strong>Web<\/strong><\/a>\r\n\t\t<\/h2>\r\n\r\n\t\t\t\t<div class=\"wppsac-post-date\">\r\n\t\t\t\t\t\t<span>By adminuser<\/span>\r\n\t\t\t \/ 25 de mayo de 2020\t\t<\/div>\r\n\t\t\t\t<div class=\"wppsac-post-content\">\r\n\t\t\t<div class=\"wppsac-sub-content\">COMO DISE\u00d1AR UNA P\u00c1GINA WEB El hecho de la creaci\u00f3n de una p\u00e1gina web, no debe ser fruto de la...<\/div>\r\n\r\n\t\t\t\t\t\t<a class=\"wppsac-readmorebtn\" href=\"https:\/\/www.vendingbackup.com\/es\/2020\/05\/25\/como-disenar-una-pagina-web\/\">Read More<\/a>\r\n\t\t\t\t\t<\/div>\r\n\t\t\t<\/div>\r\n<\/div><div class=\"wppsac-carousel-slides\">\r\n\t\r\n\t<div class=\"wppsac-post-content-position\">\r\n\t\t\t\t<div class=\"wppsac-post-categories\"><ul class=\"wppsac-post-categories-list\"><li><a href=\"https:\/\/www.vendingbackup.com\/es\/category\/general\/\">General<\/a><\/li><\/ul><\/div>\r\n\t\t\r\n\t\t<h2 class=\"wppsac-post-title\">\r\n\t\t\t<a href=\"https:\/\/www.vendingbackup.com\/es\/2020\/05\/25\/migrar-de-visual-basic-6-a-net\/\">Migrar de <strong>Visual Basic 6<\/strong> a <strong>.NET<\/strong><\/a>\r\n\t\t<\/h2>\r\n\r\n\t\t\t\t<div class=\"wppsac-post-date\">\r\n\t\t\t\t\t\t<span>By adminuser<\/span>\r\n\t\t\t \/ 25 de mayo de 2020\t\t<\/div>\r\n\t\t\t\t<div class=\"wppsac-post-content\">\r\n\t\t\t<div class=\"wppsac-sub-content\">MIGRAR DE VISUAL BASIC 6 A .NET Debido a lo extendidas que est\u00e1n todab\u00eda las aplicaciones dise\u00f1adas en Visual Basic...<\/div>\r\n\r\n\t\t\t\t\t\t<a class=\"wppsac-readmorebtn\" href=\"https:\/\/www.vendingbackup.com\/es\/2020\/05\/25\/migrar-de-visual-basic-6-a-net\/\">Read More<\/a>\r\n\t\t\t\t\t<\/div>\r\n\t\t\t<\/div>\r\n<\/div>\t\t\t<\/div>\r\n\t\t<\/div>\r\n\t\n<div style=\"width: 100%; height: 1rem;\"><\/div>\n<div style=\"width: 70%;\">\n<div class=\"description-title\">\n<h2><strong>SERVICIOS<\/strong><\/h2>\n<\/div>\n<div style=\"width: 100%; height: 2rem;\"><\/div>\n<div class=\"page-main-image\"><img decoding=\"async\" src=\"http:\/\/www.vendingbackup.com\/es\/wp-content\/uploads\/sites\/2\/2020\/05\/vendingbackup-servicios-que-ofrecemos.jpg\" alt=\"servicios vendingbackup\" \/><\/div>\n<div style=\"width: 100%; height: 2rem;\"><\/div>\n<div class=\"page-main-text\">\n<h3>Si algo ha caracterizado a nuestra empresa desde que iniciamos el proyecto empresarial, es nuestra <strong>voluntad de servicio<\/strong>, la cual prestamos en t\u00e9rminos de <strong>eficiencia<\/strong>, <strong>responsabilidad<\/strong>, <strong>confidencialidad<\/strong> y toda <strong>nuestra profesionalidad<\/strong>, pero lo que m\u00e1s nos satisface es el <strong>aval de nuestros clientes<\/strong> a lo largo de los a\u00f1os.<br \/>Es por eso que nuestros servicios siempre han estado enfocados a las <strong>necesidades de nuestros clientes<\/strong>, solucionando sus dificultades tecnol\u00f3gicas, formando a sus usuarios, asegurando la integridad de sus datos o simplemente asesorando en sus necesidades actuales o futuras en las tecnolog\u00edas de la informaci\u00f3n y la seguridad.<\/p>\n<\/h3>\n<\/div>\n<div class=\"page-main-text\">\n<h3>En funci\u00f3n de las necesidades del cliente, realizamos <strong>operaciones puntuales para mantener su infraestructura de hardware y\/o software operativa<\/strong> o asumimos el servicio de <strong>mantenimiento y operativa del parque inform\u00e1tico<\/strong> de forma integral, mediante acciones como, auditoria inform\u00e1tica, test de seguridad, instalaci\u00f3n de infraestructura o reparaci\u00f3n del parque de software y hardware actual. Todo esto, con el fin de mantener al cliente plenamente operativo y poder dar un servicio r\u00e1pido, eficaz y con seguridad, cuando sea necesario, todo teniendo en cuenta tres premisas:<\/p>\n<ul style=\"list-style-type: none; padding-left: 6rem;\">\n<li>Mantener la integridad de los datos de la empresa<\/li>\n<li>Dar un servicio r\u00e1pido y eficaz, en caso de que sea necesario<\/li>\n<li>Asesorar adecuadamente a las necesidades futuras del cliente<\/li>\n<\/ul>\n<\/h3>\n<\/div>\n<div class=\"page-main-text\">\n<h3 style=\"text-shadow: 1px 1px #bbbbbb;\">Algunos de nuestros servicios son<\/h3>\n<\/div>\n<div class=\"page-main-object2\">\n<div class=\"page-main-object2-left\">\n<h3>\n<ul style=\"background-color: #99c21c;\">\n<li>Mantenimiento inform\u00e1tico a empresas<\/li>\n<li>An\u00e1lisis e integraci\u00f3n de sistemas<\/li>\n<li>Servidores de archivos, Web, Servidores de videoconferencia<\/li>\n<li>Desarrollo de proyectos de software y\/o hardware<\/li>\n<li>Dise\u00f1o Web, tiendas online, marketplace<\/li>\n<li>Dise\u00f1o en Visual Basic 4, 5 o 6, Visual Basic .NET,Visual Studio<\/li>\n<li>Programaci\u00f3n Estructurada EP, Programaci\u00f3n orientada a Objetos OOP<\/li>\n<li>Bases de datos MySQL, Access mdb, mde, Jet engine, Microsoft SQL<\/li>\n<li>Formaci\u00f3n a medida en funci\u00f3n de las necesidades del cliente<\/li>\n<\/ul>\n<\/h3>\n<\/div>\n<div class=\"page-main-object2-right\"><img decoding=\"async\" src=\"http:\/\/www.vendingbackup.com\/es\/wp-content\/uploads\/sites\/2\/2020\/05\/vendingbackup-servicios-que-proveemos.jpg\" alt=\"servicios que proveemos\" \/><\/div>\n<\/div>\n<div style=\"width: 100%; height: 4rem;\"><\/div>\n<div class=\"page-main-contact\">\n<h3>Para solicitudes de informaci\u00f3n adicional, dudas o asistencia, cont\u00e1ctenos en <a href=\"http:\/\/www.vendingbackup.com\/es\/contactar\/\"><span class=\"page-main-contact-corporative\">info@vendingbackup.com<\/span><\/a>. Estaremos encantados de ayudarlo.<\/h3>\n<\/div>\n<div style=\"width: 100%; height: 2rem;\"><\/div>\n","protected":false},"excerpt":{"rendered":"<p>SERVICIOS Si algo ha caracterizado a nuestra empresa desde que iniciamos el proyecto empresarial, es nuestra voluntad de servicio, la cual prestamos en t\u00e9rminos de eficiencia, responsabilidad, confidencialidad y toda nuestra profesionalidad, pero lo que m\u00e1s nos satisface es el aval de nuestros clientes a lo largo de los a\u00f1os.Es por eso que nuestros servicios [&hellip;]<\/p>\n","protected":false},"author":1,"featured_media":0,"parent":0,"menu_order":0,"comment_status":"closed","ping_status":"closed","template":"","meta":{"footnotes":""},"class_list":["post-53","page","type-page","status-publish","hentry"],"yoast_head":"<!-- This site is optimized with the Yoast SEO plugin v23.9 - https:\/\/yoast.com\/wordpress\/plugins\/seo\/ -->\n<title>Servicios - VendingBackup Technologies<\/title>\n<meta name=\"robots\" content=\"index, follow, max-snippet:-1, max-image-preview:large, max-video-preview:-1\" \/>\n<link rel=\"canonical\" href=\"https:\/\/www.vendingbackup.com\/es\/servicios\/\" \/>\n<meta property=\"og:locale\" content=\"es_ES\" \/>\n<meta property=\"og:type\" content=\"article\" \/>\n<meta property=\"og:title\" content=\"Servicios - VendingBackup Technologies\" \/>\n<meta property=\"og:description\" content=\"SERVICIOS Si algo ha caracterizado a nuestra empresa desde que iniciamos el proyecto empresarial, es nuestra voluntad de servicio, la cual prestamos en t\u00e9rminos de eficiencia, responsabilidad, confidencialidad y toda nuestra profesionalidad, pero lo que m\u00e1s nos satisface es el aval de nuestros clientes a lo largo de los a\u00f1os.Es por eso que nuestros servicios [&hellip;]\" \/>\n<meta property=\"og:url\" content=\"https:\/\/www.vendingbackup.com\/es\/servicios\/\" \/>\n<meta property=\"og:site_name\" content=\"VendingBackup Technologies\" \/>\n<meta property=\"article:modified_time\" content=\"2020-05-31T06:15:54+00:00\" \/>\n<meta property=\"og:image\" content=\"http:\/\/www.vendingbackup.com\/es\/wp-content\/uploads\/sites\/2\/2020\/05\/vendingbackup-servicios-que-ofrecemos.jpg\" \/>\n<meta name=\"twitter:card\" content=\"summary_large_image\" \/>\n<meta name=\"twitter:label1\" content=\"Tiempo de lectura\" \/>\n\t<meta name=\"twitter:data1\" content=\"2 minutos\" \/>\n<script type=\"application\/ld+json\" class=\"yoast-schema-graph\">{\"@context\":\"https:\/\/schema.org\",\"@graph\":[{\"@type\":\"WebPage\",\"@id\":\"https:\/\/www.vendingbackup.com\/es\/servicios\/\",\"url\":\"https:\/\/www.vendingbackup.com\/es\/servicios\/\",\"name\":\"Servicios - VendingBackup Technologies\",\"isPartOf\":{\"@id\":\"https:\/\/www.vendingbackup.com\/es\/#website\"},\"primaryImageOfPage\":{\"@id\":\"https:\/\/www.vendingbackup.com\/es\/servicios\/#primaryimage\"},\"image\":{\"@id\":\"https:\/\/www.vendingbackup.com\/es\/servicios\/#primaryimage\"},\"thumbnailUrl\":\"http:\/\/www.vendingbackup.com\/es\/wp-content\/uploads\/sites\/2\/2020\/05\/vendingbackup-servicios-que-ofrecemos.jpg\",\"datePublished\":\"2020-05-25T15:18:38+00:00\",\"dateModified\":\"2020-05-31T06:15:54+00:00\",\"breadcrumb\":{\"@id\":\"https:\/\/www.vendingbackup.com\/es\/servicios\/#breadcrumb\"},\"inLanguage\":\"es\",\"potentialAction\":[{\"@type\":\"ReadAction\",\"target\":[\"https:\/\/www.vendingbackup.com\/es\/servicios\/\"]}]},{\"@type\":\"ImageObject\",\"inLanguage\":\"es\",\"@id\":\"https:\/\/www.vendingbackup.com\/es\/servicios\/#primaryimage\",\"url\":\"https:\/\/www.vendingbackup.com\/es\/wp-content\/uploads\/sites\/2\/2020\/05\/vendingbackup-servicios-que-ofrecemos.jpg\",\"contentUrl\":\"https:\/\/www.vendingbackup.com\/es\/wp-content\/uploads\/sites\/2\/2020\/05\/vendingbackup-servicios-que-ofrecemos.jpg\",\"width\":1100,\"height\":300},{\"@type\":\"BreadcrumbList\",\"@id\":\"https:\/\/www.vendingbackup.com\/es\/servicios\/#breadcrumb\",\"itemListElement\":[{\"@type\":\"ListItem\",\"position\":1,\"name\":\"Home\",\"item\":\"https:\/\/www.vendingbackup.com\/es\/\"},{\"@type\":\"ListItem\",\"position\":2,\"name\":\"Servicios\"}]},{\"@type\":\"WebSite\",\"@id\":\"https:\/\/www.vendingbackup.com\/es\/#website\",\"url\":\"https:\/\/www.vendingbackup.com\/es\/\",\"name\":\"VendingBackup Technologies\",\"description\":\"Servicio inform\u00e1tico a empresas\",\"publisher\":{\"@id\":\"https:\/\/www.vendingbackup.com\/es\/#organization\"},\"potentialAction\":[{\"@type\":\"SearchAction\",\"target\":{\"@type\":\"EntryPoint\",\"urlTemplate\":\"https:\/\/www.vendingbackup.com\/es\/?s={search_term_string}\"},\"query-input\":{\"@type\":\"PropertyValueSpecification\",\"valueRequired\":true,\"valueName\":\"search_term_string\"}}],\"inLanguage\":\"es\"},{\"@type\":\"Organization\",\"@id\":\"https:\/\/www.vendingbackup.com\/es\/#organization\",\"name\":\"VendingBackup Technologies\",\"url\":\"https:\/\/www.vendingbackup.com\/es\/\",\"logo\":{\"@type\":\"ImageObject\",\"inLanguage\":\"es\",\"@id\":\"https:\/\/www.vendingbackup.com\/es\/#\/schema\/logo\/image\/\",\"url\":\"https:\/\/www.vendingbackup.com\/es\/wp-content\/uploads\/sites\/2\/2020\/05\/vendingbackup-logo.jpg\",\"contentUrl\":\"https:\/\/www.vendingbackup.com\/es\/wp-content\/uploads\/sites\/2\/2020\/05\/vendingbackup-logo.jpg\",\"width\":201,\"height\":36,\"caption\":\"VendingBackup Technologies\"},\"image\":{\"@id\":\"https:\/\/www.vendingbackup.com\/es\/#\/schema\/logo\/image\/\"}}]}<\/script>\n<!-- \/ Yoast SEO plugin. -->","yoast_head_json":{"title":"Servicios - VendingBackup Technologies","robots":{"index":"index","follow":"follow","max-snippet":"max-snippet:-1","max-image-preview":"max-image-preview:large","max-video-preview":"max-video-preview:-1"},"canonical":"https:\/\/www.vendingbackup.com\/es\/servicios\/","og_locale":"es_ES","og_type":"article","og_title":"Servicios - VendingBackup Technologies","og_description":"SERVICIOS Si algo ha caracterizado a nuestra empresa desde que iniciamos el proyecto empresarial, es nuestra voluntad de servicio, la cual prestamos en t\u00e9rminos de eficiencia, responsabilidad, confidencialidad y toda nuestra profesionalidad, pero lo que m\u00e1s nos satisface es el aval de nuestros clientes a lo largo de los a\u00f1os.Es por eso que nuestros servicios [&hellip;]","og_url":"https:\/\/www.vendingbackup.com\/es\/servicios\/","og_site_name":"VendingBackup Technologies","article_modified_time":"2020-05-31T06:15:54+00:00","og_image":[{"url":"http:\/\/www.vendingbackup.com\/es\/wp-content\/uploads\/sites\/2\/2020\/05\/vendingbackup-servicios-que-ofrecemos.jpg"}],"twitter_card":"summary_large_image","twitter_misc":{"Tiempo de lectura":"2 minutos"},"schema":{"@context":"https:\/\/schema.org","@graph":[{"@type":"WebPage","@id":"https:\/\/www.vendingbackup.com\/es\/servicios\/","url":"https:\/\/www.vendingbackup.com\/es\/servicios\/","name":"Servicios - VendingBackup Technologies","isPartOf":{"@id":"https:\/\/www.vendingbackup.com\/es\/#website"},"primaryImageOfPage":{"@id":"https:\/\/www.vendingbackup.com\/es\/servicios\/#primaryimage"},"image":{"@id":"https:\/\/www.vendingbackup.com\/es\/servicios\/#primaryimage"},"thumbnailUrl":"http:\/\/www.vendingbackup.com\/es\/wp-content\/uploads\/sites\/2\/2020\/05\/vendingbackup-servicios-que-ofrecemos.jpg","datePublished":"2020-05-25T15:18:38+00:00","dateModified":"2020-05-31T06:15:54+00:00","breadcrumb":{"@id":"https:\/\/www.vendingbackup.com\/es\/servicios\/#breadcrumb"},"inLanguage":"es","potentialAction":[{"@type":"ReadAction","target":["https:\/\/www.vendingbackup.com\/es\/servicios\/"]}]},{"@type":"ImageObject","inLanguage":"es","@id":"https:\/\/www.vendingbackup.com\/es\/servicios\/#primaryimage","url":"https:\/\/www.vendingbackup.com\/es\/wp-content\/uploads\/sites\/2\/2020\/05\/vendingbackup-servicios-que-ofrecemos.jpg","contentUrl":"https:\/\/www.vendingbackup.com\/es\/wp-content\/uploads\/sites\/2\/2020\/05\/vendingbackup-servicios-que-ofrecemos.jpg","width":1100,"height":300},{"@type":"BreadcrumbList","@id":"https:\/\/www.vendingbackup.com\/es\/servicios\/#breadcrumb","itemListElement":[{"@type":"ListItem","position":1,"name":"Home","item":"https:\/\/www.vendingbackup.com\/es\/"},{"@type":"ListItem","position":2,"name":"Servicios"}]},{"@type":"WebSite","@id":"https:\/\/www.vendingbackup.com\/es\/#website","url":"https:\/\/www.vendingbackup.com\/es\/","name":"VendingBackup Technologies","description":"Servicio inform\u00e1tico a empresas","publisher":{"@id":"https:\/\/www.vendingbackup.com\/es\/#organization"},"potentialAction":[{"@type":"SearchAction","target":{"@type":"EntryPoint","urlTemplate":"https:\/\/www.vendingbackup.com\/es\/?s={search_term_string}"},"query-input":{"@type":"PropertyValueSpecification","valueRequired":true,"valueName":"search_term_string"}}],"inLanguage":"es"},{"@type":"Organization","@id":"https:\/\/www.vendingbackup.com\/es\/#organization","name":"VendingBackup Technologies","url":"https:\/\/www.vendingbackup.com\/es\/","logo":{"@type":"ImageObject","inLanguage":"es","@id":"https:\/\/www.vendingbackup.com\/es\/#\/schema\/logo\/image\/","url":"https:\/\/www.vendingbackup.com\/es\/wp-content\/uploads\/sites\/2\/2020\/05\/vendingbackup-logo.jpg","contentUrl":"https:\/\/www.vendingbackup.com\/es\/wp-content\/uploads\/sites\/2\/2020\/05\/vendingbackup-logo.jpg","width":201,"height":36,"caption":"VendingBackup Technologies"},"image":{"@id":"https:\/\/www.vendingbackup.com\/es\/#\/schema\/logo\/image\/"}}]}},"_links":{"self":[{"href":"https:\/\/www.vendingbackup.com\/es\/wp-json\/wp\/v2\/pages\/53","targetHints":{"allow":["GET"]}}],"collection":[{"href":"https:\/\/www.vendingbackup.com\/es\/wp-json\/wp\/v2\/pages"}],"about":[{"href":"https:\/\/www.vendingbackup.com\/es\/wp-json\/wp\/v2\/types\/page"}],"author":[{"embeddable":true,"href":"https:\/\/www.vendingbackup.com\/es\/wp-json\/wp\/v2\/users\/1"}],"replies":[{"embeddable":true,"href":"https:\/\/www.vendingbackup.com\/es\/wp-json\/wp\/v2\/comments?post=53"}],"version-history":[{"count":28,"href":"https:\/\/www.vendingbackup.com\/es\/wp-json\/wp\/v2\/pages\/53\/revisions"}],"predecessor-version":[{"id":1069,"href":"https:\/\/www.vendingbackup.com\/es\/wp-json\/wp\/v2\/pages\/53\/revisions\/1069"}],"wp:attachment":[{"href":"https:\/\/www.vendingbackup.com\/es\/wp-json\/wp\/v2\/media?parent=53"}],"curies":[{"name":"wp","href":"https:\/\/api.w.org\/{rel}","templated":true}]}}