{"id":55,"date":"2020-05-25T17:19:06","date_gmt":"2020-05-25T15:19:06","guid":{"rendered":"http:\/\/www.vendingbackup.com\/es\/?page_id=55"},"modified":"2020-05-30T18:26:55","modified_gmt":"2020-05-30T16:26:55","slug":"visual-basic","status":"publish","type":"page","link":"https:\/\/www.vendingbackup.com\/es\/visual-basic\/","title":{"rendered":"Visual Basic"},"content":{"rendered":"\t\t<div class=\"wppsac-wrap wppsac-slick-carousel-wrp wppsac-clearfix \" data-conf=\"{&quot;slides_to_show&quot;:3,&quot;slides_to_scroll&quot;:1,&quot;dots&quot;:&quot;true&quot;,&quot;arrows&quot;:&quot;true&quot;,&quot;autoplay&quot;:&quot;true&quot;,&quot;autoplay_interval&quot;:3000,&quot;speed&quot;:500,&quot;rtl&quot;:&quot;false&quot;,&quot;lazyload&quot;:&quot;&quot;}\">\r\n\t\t\t<div id=\"wppsac-post-carousel-1\" class=\"wppsac-post-slider-init wppsac-post-carousel design-1\">\r\n\t\t\t\t<div class=\"wppsac-carousel-slides\">\r\n\t\r\n\t<div class=\"wppsac-post-content-position\">\r\n\t\t\t\t<div class=\"wppsac-post-categories\"><ul class=\"wppsac-post-categories-list\"><li><a href=\"https:\/\/www.vendingbackup.com\/es\/category\/general\/\">General<\/a><\/li><\/ul><\/div>\r\n\t\t\r\n\t\t<h2 class=\"wppsac-post-title\">\r\n\t\t\t<a href=\"https:\/\/www.vendingbackup.com\/es\/2020\/06\/18\/la-importancia-de-las-copias-de-seguridad\/\">La importancia de las <strong>Copias de Seguridad<\/strong><\/a>\r\n\t\t<\/h2>\r\n\r\n\t\t\t\t<div class=\"wppsac-post-date\">\r\n\t\t\t\t\t\t<span>By adminuser<\/span>\r\n\t\t\t \/ 18 de junio de 2020\t\t<\/div>\r\n\t\t\t\t<div class=\"wppsac-post-content\">\r\n\t\t\t<div class=\"wppsac-sub-content\">La importancia de las copias de seguridad Todos sabemos que nada es inmutable, la informaci\u00f3n tampoco. \u00bfQu\u00e9 pasar\u00eda si perdi\u00e9ramos...<\/div>\r\n\r\n\t\t\t\t\t\t<a class=\"wppsac-readmorebtn\" href=\"https:\/\/www.vendingbackup.com\/es\/2020\/06\/18\/la-importancia-de-las-copias-de-seguridad\/\">Read More<\/a>\r\n\t\t\t\t\t<\/div>\r\n\t\t\t<\/div>\r\n<\/div><div class=\"wppsac-carousel-slides\">\r\n\t\r\n\t<div class=\"wppsac-post-content-position\">\r\n\t\t\t\t<div class=\"wppsac-post-categories\"><ul class=\"wppsac-post-categories-list\"><li><a href=\"https:\/\/www.vendingbackup.com\/es\/category\/general\/\">General<\/a><\/li><\/ul><\/div>\r\n\t\t\r\n\t\t<h2 class=\"wppsac-post-title\">\r\n\t\t\t<a href=\"https:\/\/www.vendingbackup.com\/es\/2020\/05\/25\/como-disenar-una-pagina-web\/\">Como dise\u00f1ar una p\u00e1gina <strong>Web<\/strong><\/a>\r\n\t\t<\/h2>\r\n\r\n\t\t\t\t<div class=\"wppsac-post-date\">\r\n\t\t\t\t\t\t<span>By adminuser<\/span>\r\n\t\t\t \/ 25 de mayo de 2020\t\t<\/div>\r\n\t\t\t\t<div class=\"wppsac-post-content\">\r\n\t\t\t<div class=\"wppsac-sub-content\">COMO DISE\u00d1AR UNA P\u00c1GINA WEB El hecho de la creaci\u00f3n de una p\u00e1gina web, no debe ser fruto de la...<\/div>\r\n\r\n\t\t\t\t\t\t<a class=\"wppsac-readmorebtn\" href=\"https:\/\/www.vendingbackup.com\/es\/2020\/05\/25\/como-disenar-una-pagina-web\/\">Read More<\/a>\r\n\t\t\t\t\t<\/div>\r\n\t\t\t<\/div>\r\n<\/div><div class=\"wppsac-carousel-slides\">\r\n\t\r\n\t<div class=\"wppsac-post-content-position\">\r\n\t\t\t\t<div class=\"wppsac-post-categories\"><ul class=\"wppsac-post-categories-list\"><li><a href=\"https:\/\/www.vendingbackup.com\/es\/category\/general\/\">General<\/a><\/li><\/ul><\/div>\r\n\t\t\r\n\t\t<h2 class=\"wppsac-post-title\">\r\n\t\t\t<a href=\"https:\/\/www.vendingbackup.com\/es\/2020\/05\/25\/migrar-de-visual-basic-6-a-net\/\">Migrar de <strong>Visual Basic 6<\/strong> a <strong>.NET<\/strong><\/a>\r\n\t\t<\/h2>\r\n\r\n\t\t\t\t<div class=\"wppsac-post-date\">\r\n\t\t\t\t\t\t<span>By adminuser<\/span>\r\n\t\t\t \/ 25 de mayo de 2020\t\t<\/div>\r\n\t\t\t\t<div class=\"wppsac-post-content\">\r\n\t\t\t<div class=\"wppsac-sub-content\">MIGRAR DE VISUAL BASIC 6 A .NET Debido a lo extendidas que est\u00e1n todab\u00eda las aplicaciones dise\u00f1adas en Visual Basic...<\/div>\r\n\r\n\t\t\t\t\t\t<a class=\"wppsac-readmorebtn\" href=\"https:\/\/www.vendingbackup.com\/es\/2020\/05\/25\/migrar-de-visual-basic-6-a-net\/\">Read More<\/a>\r\n\t\t\t\t\t<\/div>\r\n\t\t\t<\/div>\r\n<\/div>\t\t\t<\/div>\r\n\t\t<\/div>\r\n\t\n<div style=\"width: 100%; height: 1rem;\"><\/div>\n<div style=\"width: 70%;\">\n<div class=\"description-title\">\n<h2><strong>VISUAL BASIC<\/strong><\/h2>\n<\/div>\n<div style=\"width: 100%; height: 2rem;\"><\/div>\n<div class=\"page-main-text\">\n<h3>Todos nuestros a\u00f1os de experiencia en los entornos de desarrollo de <strong>Visual Basic<\/strong> y <strong>.NET<\/strong> con su potente <span style=\"color: #672877\"><strong>Visual Studio<\/strong><\/span>, nos permite desarrollar, modificar y mantener software, m\u00f3dulos o cualquier aplicaci\u00f3n desarrollada con esta tecnolog\u00eda la cual se ha hecho muy popular a lo largo de los a\u00f1os y ha tenido una fuerte penetraci\u00f3n en el mercado de las aplicaciones de escritorio.<\/h3>\n<\/div>\n<div style=\"width: 100%; height: 2rem;\"><\/div>\n<div class=\"page-main-image\"><img decoding=\"async\" src=\"http:\/\/www.vendingbackup.com\/es\/wp-content\/uploads\/sites\/2\/2020\/05\/codigo-visualbasic.jpg\" alt=\"c\u00f3digo visual basic\" \/><\/div>\n<div style=\"width: 100%; height: 2rem;\"><\/div>\n<div class=\"page-main-text\">\n<h3>Muchos han sido los desarrollos realizados por nosotros en este entorno, desde <strong>ERP&#8217;s<\/strong> pasando por <strong>m\u00f3dulos de Importaci\u00f3n y Exportaci\u00f3n<\/strong>, clientes <strong>FTP<\/strong>, aplicaciones de <strong>Control Remoto<\/strong> y <strong>Videoconferencias<\/strong> o impresi\u00f3n a impresoras de etiquetas industriales.<br \/>Todo este bagaje nos permite dar un servicio de calidad con flexibilidad y escalabilidad en los diferentes proyectos.<\/p>\n<p>Algunas de las plataformas de desarrollo y tecnolog\u00edas que utilizamos son:<\/h3>\n<\/div>\n<div class=\"page-main-object\">\n<div class=\"page-main-object-left\">\n<img decoding=\"async\" src=\"http:\/\/www.vendingbackup.com\/es\/wp-content\/uploads\/sites\/2\/2020\/05\/visual-studio.jpg\" alt=\"visual studio IDE\" \/>\n<\/div>\n<div class=\"page-main-object-right\">\n<h3>\n<ul style=\"background-color: #dcc1e3;\">\n<li>Visual Basic 4, 5 o 6<\/li>\n<li>Visual Basic .NET<\/li>\n<li>Programaci\u00f3n Estructurada EP<\/li>\n<li>Programaci\u00f3n orientada a Objetos OOP<\/li>\n<li>Bases de datos MySQL<\/li>\n<li>Entorno Access mdb, mde, Jet engine<\/li>\n<li>Bases de datos Microsoft SQL<\/li>\n<li>Visual Studio<\/li>\n<\/ul>\n<\/h3>\n<\/div>\n<\/div>\n<div style=\"width: 100%; height: 2rem;\"><\/div>\n<div class=\"page-main-text\">\n<h3>Siendo conscientes de que cada entorno, necesidad, situaci\u00f3n o preferencias especificas son diferentes, tratamos cada proyecto nuevo, ampliaci\u00f3n, modificaci\u00f3n, mejora o migraci\u00f3n de forma espec\u00edfica, analizando conjuntamente con el cliente las claves que deben llevar al \u00e9xito de la operaci\u00f3n en tiempo, costes e implantaci\u00f3n.<\/h3>\n<h3>Debido a lo extendidas que est\u00e1n las aplicaciones dise\u00f1adas en <strong>Visual Basic 4,5,6<\/strong>, plataforma que si bien todav\u00eda tiene soporte, el fabricante esta abandonando desde principios de la d\u00e9cada del 2000 y con soporte final para el a\u00f1o 2024, consecuentemente ya no es apta para las necesidades actuales de integraci\u00f3n.<br \/>A consecuencia de ello en los \u00faltimos a\u00f1os hemos tenido que migrar algunas de estas aplicaciones a <strong>.NET<\/strong>, teniendo en cuenta que la ruta de migraci\u00f3n no est\u00e1 muy clara, es muy compleja y da v\u00e9rtigo a toda la gente involucrada, es necesario un asesoramiento especializado, un buen ciclo de test y como no una muy buena planificaci\u00f3n para llevar a buen termino las migraciones.<br \/>Muchos Responsables de empresas a\u00fan est\u00e1n paralizados pensando que hacer con sus aplicaciones altamente funcionales, productivas e imprescindibles creadas en <strong>Visual Basic 4,5,6<\/strong> debido al fin del ciclo de vida de la plataforma Visual Basic, pero, no hacer nada es hacer algo.<\/h3>\n<\/div>\n<div style=\"width: 100%; height: 2rem;\"><\/div>\n<div class=\"sentence\">\n<ul>\n<li><img decoding=\"async\" src=\"http:\/\/www.vendingbackup.com\/es\/wp-content\/uploads\/sites\/2\/2020\/05\/vendingbackup-informacion.png\" \/><\/li>\n<li>\n<h1 style=\"font-size: 24px;\">No tomar ninguna decisi\u00f3n <span class=\"sentence-red\">implica<\/span> Haber tomado una<\/h1>\n<\/li>\n<\/ul>\n<\/div>\n<div style=\"width: 100%; height: 2rem;\"><\/div>\n<div class=\"page-main-text\">\n<h3>Es necesario aprovechar la migraci\u00f3n a <strong>.NET<\/strong> para mejorar, expandir o reparar estas aplicaciones. Migrar a una aplicaci\u00f3n que tiene como base la que ya est\u00e1 disponible y conocida dentro del entorno de la empresa, nos permite reducir los inconvenientes a los usuarios involucrados, disminuir fuertemente la curva de aprendizaje, mejorar las funcionalidades, la productividad y reducir los costes de formaci\u00f3n, errores de implantaci\u00f3n o incluso paros en los sistemas empresariales.<\/h3>\n<\/div>\n<div style=\"width: 100%; height: 2rem;\"><\/div>\n<div class=\"page-main-image\"><img decoding=\"async\" src=\"http:\/\/www.vendingbackup.com\/es\/wp-content\/uploads\/sites\/2\/2020\/05\/vendingbackup-servicios.jpg\" alt=\"trabajo en visual studio\" \/><\/div>\n<div style=\"width: 100%; height: 4rem;\"><\/div>\n<div class=\"page-main-contact\">\n<h3>Para solicitudes de informaci\u00f3n adicional, dudas o asistencia, cont\u00e1ctenos en <a href=\"http:\/\/www.vendingbackup.com\/es\/contactar\/\"><span class=\"page-main-contact-corporative\">info@vendingbackup.com<\/span><\/a>. Estaremos encantados de ayudarlo.<\/h3>\n<\/div>\n<div style=\"width: 100%; height: 2rem;\"><\/div>\n","protected":false},"excerpt":{"rendered":"<p>VISUAL BASIC Todos nuestros a\u00f1os de experiencia en los entornos de desarrollo de Visual Basic y .NET con su potente Visual Studio, nos permite desarrollar, modificar y mantener software, m\u00f3dulos o cualquier aplicaci\u00f3n desarrollada con esta tecnolog\u00eda la cual se ha hecho muy popular a lo largo de los a\u00f1os y ha tenido una fuerte [&hellip;]<\/p>\n","protected":false},"author":1,"featured_media":0,"parent":0,"menu_order":0,"comment_status":"closed","ping_status":"closed","template":"","meta":{"footnotes":""},"class_list":["post-55","page","type-page","status-publish","hentry"],"yoast_head":"<!-- This site is optimized with the Yoast SEO plugin v23.9 - https:\/\/yoast.com\/wordpress\/plugins\/seo\/ -->\n<title>Visual Basic - VendingBackup Technologies<\/title>\n<meta name=\"robots\" content=\"index, follow, max-snippet:-1, max-image-preview:large, max-video-preview:-1\" \/>\n<link rel=\"canonical\" href=\"https:\/\/www.vendingbackup.com\/es\/visual-basic\/\" \/>\n<meta property=\"og:locale\" content=\"es_ES\" \/>\n<meta property=\"og:type\" content=\"article\" \/>\n<meta property=\"og:title\" content=\"Visual Basic - VendingBackup Technologies\" \/>\n<meta property=\"og:description\" content=\"VISUAL BASIC Todos nuestros a\u00f1os de experiencia en los entornos de desarrollo de Visual Basic y .NET con su potente Visual Studio, nos permite desarrollar, modificar y mantener software, m\u00f3dulos o cualquier aplicaci\u00f3n desarrollada con esta tecnolog\u00eda la cual se ha hecho muy popular a lo largo de los a\u00f1os y ha tenido una fuerte [&hellip;]\" \/>\n<meta property=\"og:url\" content=\"https:\/\/www.vendingbackup.com\/es\/visual-basic\/\" \/>\n<meta property=\"og:site_name\" content=\"VendingBackup Technologies\" \/>\n<meta property=\"article:modified_time\" content=\"2020-05-30T16:26:55+00:00\" \/>\n<meta property=\"og:image\" content=\"http:\/\/www.vendingbackup.com\/es\/wp-content\/uploads\/sites\/2\/2020\/05\/codigo-visualbasic.jpg\" \/>\n<meta name=\"twitter:card\" content=\"summary_large_image\" \/>\n<meta name=\"twitter:label1\" content=\"Tiempo de lectura\" \/>\n\t<meta name=\"twitter:data1\" content=\"2 minutos\" \/>\n<script type=\"application\/ld+json\" class=\"yoast-schema-graph\">{\"@context\":\"https:\/\/schema.org\",\"@graph\":[{\"@type\":\"WebPage\",\"@id\":\"https:\/\/www.vendingbackup.com\/es\/visual-basic\/\",\"url\":\"https:\/\/www.vendingbackup.com\/es\/visual-basic\/\",\"name\":\"Visual Basic - VendingBackup Technologies\",\"isPartOf\":{\"@id\":\"https:\/\/www.vendingbackup.com\/es\/#website\"},\"primaryImageOfPage\":{\"@id\":\"https:\/\/www.vendingbackup.com\/es\/visual-basic\/#primaryimage\"},\"image\":{\"@id\":\"https:\/\/www.vendingbackup.com\/es\/visual-basic\/#primaryimage\"},\"thumbnailUrl\":\"http:\/\/www.vendingbackup.com\/es\/wp-content\/uploads\/sites\/2\/2020\/05\/codigo-visualbasic.jpg\",\"datePublished\":\"2020-05-25T15:19:06+00:00\",\"dateModified\":\"2020-05-30T16:26:55+00:00\",\"breadcrumb\":{\"@id\":\"https:\/\/www.vendingbackup.com\/es\/visual-basic\/#breadcrumb\"},\"inLanguage\":\"es\",\"potentialAction\":[{\"@type\":\"ReadAction\",\"target\":[\"https:\/\/www.vendingbackup.com\/es\/visual-basic\/\"]}]},{\"@type\":\"ImageObject\",\"inLanguage\":\"es\",\"@id\":\"https:\/\/www.vendingbackup.com\/es\/visual-basic\/#primaryimage\",\"url\":\"https:\/\/www.vendingbackup.com\/es\/wp-content\/uploads\/sites\/2\/2020\/05\/codigo-visualbasic.jpg\",\"contentUrl\":\"https:\/\/www.vendingbackup.com\/es\/wp-content\/uploads\/sites\/2\/2020\/05\/codigo-visualbasic.jpg\",\"width\":1100,\"height\":400},{\"@type\":\"BreadcrumbList\",\"@id\":\"https:\/\/www.vendingbackup.com\/es\/visual-basic\/#breadcrumb\",\"itemListElement\":[{\"@type\":\"ListItem\",\"position\":1,\"name\":\"Home\",\"item\":\"https:\/\/www.vendingbackup.com\/es\/\"},{\"@type\":\"ListItem\",\"position\":2,\"name\":\"Visual Basic\"}]},{\"@type\":\"WebSite\",\"@id\":\"https:\/\/www.vendingbackup.com\/es\/#website\",\"url\":\"https:\/\/www.vendingbackup.com\/es\/\",\"name\":\"VendingBackup Technologies\",\"description\":\"Servicio inform\u00e1tico a empresas\",\"publisher\":{\"@id\":\"https:\/\/www.vendingbackup.com\/es\/#organization\"},\"potentialAction\":[{\"@type\":\"SearchAction\",\"target\":{\"@type\":\"EntryPoint\",\"urlTemplate\":\"https:\/\/www.vendingbackup.com\/es\/?s={search_term_string}\"},\"query-input\":{\"@type\":\"PropertyValueSpecification\",\"valueRequired\":true,\"valueName\":\"search_term_string\"}}],\"inLanguage\":\"es\"},{\"@type\":\"Organization\",\"@id\":\"https:\/\/www.vendingbackup.com\/es\/#organization\",\"name\":\"VendingBackup Technologies\",\"url\":\"https:\/\/www.vendingbackup.com\/es\/\",\"logo\":{\"@type\":\"ImageObject\",\"inLanguage\":\"es\",\"@id\":\"https:\/\/www.vendingbackup.com\/es\/#\/schema\/logo\/image\/\",\"url\":\"https:\/\/www.vendingbackup.com\/es\/wp-content\/uploads\/sites\/2\/2020\/05\/vendingbackup-logo.jpg\",\"contentUrl\":\"https:\/\/www.vendingbackup.com\/es\/wp-content\/uploads\/sites\/2\/2020\/05\/vendingbackup-logo.jpg\",\"width\":201,\"height\":36,\"caption\":\"VendingBackup Technologies\"},\"image\":{\"@id\":\"https:\/\/www.vendingbackup.com\/es\/#\/schema\/logo\/image\/\"}}]}<\/script>\n<!-- \/ Yoast SEO plugin. -->","yoast_head_json":{"title":"Visual Basic - VendingBackup Technologies","robots":{"index":"index","follow":"follow","max-snippet":"max-snippet:-1","max-image-preview":"max-image-preview:large","max-video-preview":"max-video-preview:-1"},"canonical":"https:\/\/www.vendingbackup.com\/es\/visual-basic\/","og_locale":"es_ES","og_type":"article","og_title":"Visual Basic - VendingBackup Technologies","og_description":"VISUAL BASIC Todos nuestros a\u00f1os de experiencia en los entornos de desarrollo de Visual Basic y .NET con su potente Visual Studio, nos permite desarrollar, modificar y mantener software, m\u00f3dulos o cualquier aplicaci\u00f3n desarrollada con esta tecnolog\u00eda la cual se ha hecho muy popular a lo largo de los a\u00f1os y ha tenido una fuerte [&hellip;]","og_url":"https:\/\/www.vendingbackup.com\/es\/visual-basic\/","og_site_name":"VendingBackup Technologies","article_modified_time":"2020-05-30T16:26:55+00:00","og_image":[{"url":"http:\/\/www.vendingbackup.com\/es\/wp-content\/uploads\/sites\/2\/2020\/05\/codigo-visualbasic.jpg"}],"twitter_card":"summary_large_image","twitter_misc":{"Tiempo de lectura":"2 minutos"},"schema":{"@context":"https:\/\/schema.org","@graph":[{"@type":"WebPage","@id":"https:\/\/www.vendingbackup.com\/es\/visual-basic\/","url":"https:\/\/www.vendingbackup.com\/es\/visual-basic\/","name":"Visual Basic - VendingBackup Technologies","isPartOf":{"@id":"https:\/\/www.vendingbackup.com\/es\/#website"},"primaryImageOfPage":{"@id":"https:\/\/www.vendingbackup.com\/es\/visual-basic\/#primaryimage"},"image":{"@id":"https:\/\/www.vendingbackup.com\/es\/visual-basic\/#primaryimage"},"thumbnailUrl":"http:\/\/www.vendingbackup.com\/es\/wp-content\/uploads\/sites\/2\/2020\/05\/codigo-visualbasic.jpg","datePublished":"2020-05-25T15:19:06+00:00","dateModified":"2020-05-30T16:26:55+00:00","breadcrumb":{"@id":"https:\/\/www.vendingbackup.com\/es\/visual-basic\/#breadcrumb"},"inLanguage":"es","potentialAction":[{"@type":"ReadAction","target":["https:\/\/www.vendingbackup.com\/es\/visual-basic\/"]}]},{"@type":"ImageObject","inLanguage":"es","@id":"https:\/\/www.vendingbackup.com\/es\/visual-basic\/#primaryimage","url":"https:\/\/www.vendingbackup.com\/es\/wp-content\/uploads\/sites\/2\/2020\/05\/codigo-visualbasic.jpg","contentUrl":"https:\/\/www.vendingbackup.com\/es\/wp-content\/uploads\/sites\/2\/2020\/05\/codigo-visualbasic.jpg","width":1100,"height":400},{"@type":"BreadcrumbList","@id":"https:\/\/www.vendingbackup.com\/es\/visual-basic\/#breadcrumb","itemListElement":[{"@type":"ListItem","position":1,"name":"Home","item":"https:\/\/www.vendingbackup.com\/es\/"},{"@type":"ListItem","position":2,"name":"Visual Basic"}]},{"@type":"WebSite","@id":"https:\/\/www.vendingbackup.com\/es\/#website","url":"https:\/\/www.vendingbackup.com\/es\/","name":"VendingBackup Technologies","description":"Servicio inform\u00e1tico a empresas","publisher":{"@id":"https:\/\/www.vendingbackup.com\/es\/#organization"},"potentialAction":[{"@type":"SearchAction","target":{"@type":"EntryPoint","urlTemplate":"https:\/\/www.vendingbackup.com\/es\/?s={search_term_string}"},"query-input":{"@type":"PropertyValueSpecification","valueRequired":true,"valueName":"search_term_string"}}],"inLanguage":"es"},{"@type":"Organization","@id":"https:\/\/www.vendingbackup.com\/es\/#organization","name":"VendingBackup Technologies","url":"https:\/\/www.vendingbackup.com\/es\/","logo":{"@type":"ImageObject","inLanguage":"es","@id":"https:\/\/www.vendingbackup.com\/es\/#\/schema\/logo\/image\/","url":"https:\/\/www.vendingbackup.com\/es\/wp-content\/uploads\/sites\/2\/2020\/05\/vendingbackup-logo.jpg","contentUrl":"https:\/\/www.vendingbackup.com\/es\/wp-content\/uploads\/sites\/2\/2020\/05\/vendingbackup-logo.jpg","width":201,"height":36,"caption":"VendingBackup Technologies"},"image":{"@id":"https:\/\/www.vendingbackup.com\/es\/#\/schema\/logo\/image\/"}}]}},"_links":{"self":[{"href":"https:\/\/www.vendingbackup.com\/es\/wp-json\/wp\/v2\/pages\/55","targetHints":{"allow":["GET"]}}],"collection":[{"href":"https:\/\/www.vendingbackup.com\/es\/wp-json\/wp\/v2\/pages"}],"about":[{"href":"https:\/\/www.vendingbackup.com\/es\/wp-json\/wp\/v2\/types\/page"}],"author":[{"embeddable":true,"href":"https:\/\/www.vendingbackup.com\/es\/wp-json\/wp\/v2\/users\/1"}],"replies":[{"embeddable":true,"href":"https:\/\/www.vendingbackup.com\/es\/wp-json\/wp\/v2\/comments?post=55"}],"version-history":[{"count":147,"href":"https:\/\/www.vendingbackup.com\/es\/wp-json\/wp\/v2\/pages\/55\/revisions"}],"predecessor-version":[{"id":1078,"href":"https:\/\/www.vendingbackup.com\/es\/wp-json\/wp\/v2\/pages\/55\/revisions\/1078"}],"wp:attachment":[{"href":"https:\/\/www.vendingbackup.com\/es\/wp-json\/wp\/v2\/media?parent=55"}],"curies":[{"name":"wp","href":"https:\/\/api.w.org\/{rel}","templated":true}]}}